{"id":1142,"date":"2021-01-16T15:48:56","date_gmt":"2021-01-16T14:48:56","guid":{"rendered":"https:\/\/christelijkisliefdevol.nl\/?page_id=1142"},"modified":"2023-05-10T15:16:11","modified_gmt":"2023-05-10T13:16:11","slug":"films-2021","status":"publish","type":"page","link":"https:\/\/christelijkisliefdevol.nl\/index.php\/films-2021\/","title":{"rendered":"2021"},"content":{"rendered":"\n<p class=\"has-text-color\" style=\"color:#244802;font-size:17px\">Het beeldmateriaal is volledig uit openbare delen van het internet.<\/p>\n\n\n\n<p class=\"has-text-color\" style=\"color:#244802;font-size:17px\">Wegens de directe relatie met een bepaald motto is de aanduiding van een video op deze website anders dan de titel van de betreffende video op het openbare deel van het internet.<\/p>\n\n\n\n<p class=\"has-text-color\" style=\"color:#244802;font-size:17px\">Klik hieronder op \u00e9\u00e9n van de groene knoppen om de video af te spelen die bij \u00e9\u00e9n van de motto&#8217;s van 2021 hoort; de knop van video motto 40 is tijdelijk verwijderd.<br>De gekozen video wordt in een nieuw venster afgespeeld.<\/p>\n\n\n\n<p class=\"has-text-color\" style=\"color:#244802;font-size:17px\">Om naar deze pagina terug te keren, hoeft u alleen dat nieuwe venster af te sluiten door op het <em>x <\/em>teken van het nieuwe venster te klikken.<\/p>\n\n\n\n<div class=\"wp-block-buttons is-layout-flex wp-block-buttons-is-layout-flex\">\n<div class=\"wp-block-button\"><a class=\"wp-block-button__link has-text-color has-background wp-element-button\" href=\"https:\/\/www.youtube.com\/watch?v=UTSPpSfwtmA#t=117s\" style=\"border-radius:50px;color:#f6fafc;background-color:#2e6c11\" target=\"_blank\" rel=\"noreferrer noopener\">Motto 35: Topnatuurkundige, tevens lekenpredikant; dankbaar en nederig<\/a><\/div>\n<\/div>\n\n\n\n<div class=\"wp-block-buttons is-layout-flex wp-block-buttons-is-layout-flex\">\n<div class=\"wp-block-button\"><a class=\"wp-block-button__link has-text-color has-background wp-element-button\" href=\"https:\/\/www.youtube.com\/watch?v=-8K1caO2ztg\" style=\"border-radius:50px;color:#f6fafc;background-color:#2e6c11\" target=\"_blank\" rel=\"noreferrer noopener\">Motto 36: Saamhorige kerken; Hem samen aanroepen in deze moeilijke, onzekere coronatijd<\/a><\/div>\n<\/div>\n\n\n\n<div class=\"wp-block-buttons is-layout-flex wp-block-buttons-is-layout-flex\">\n<div class=\"wp-block-button\"><a class=\"wp-block-button__link has-text-color has-background wp-element-button\" href=\"https:\/\/www.youtube.com\/watch?v=uuxIpXghN3o\" style=\"border-radius:50px;color:#f6fafc;background-color:#2e6c11\" target=\"_blank\" rel=\"noreferrer noopener\">Motto 37: Parlementslid&#8217;s vurige strijd in belang van vele groot onrecht aangedane burgers<\/a><\/div>\n<\/div>\n\n\n\n<div class=\"wp-block-buttons is-layout-flex wp-block-buttons-is-layout-flex\">\n<div class=\"wp-block-button\"><a class=\"wp-block-button__link has-text-color has-background wp-element-button\" href=\"https:\/\/www.youtube.com\/watch?v=2pP0fcmBYck\" style=\"border-radius:50px;color:#f6fafc;background-color:#2e6c11\" target=\"_blank\" rel=\"noreferrer noopener\">Motto 38: Een lied als dankbetuiging aan God<\/a><\/div>\n<\/div>\n\n\n\n<div class=\"wp-block-buttons is-layout-flex wp-block-buttons-is-layout-flex\">\n<div class=\"wp-block-button\"><a class=\"wp-block-button__link has-text-color has-background wp-element-button\" href=\"https:\/\/www.youtube.com\/watch?v=OkcWbM0bti8\" style=\"border-radius:50px;color:#f6fafc;background-color:#2e6c11\" target=\"_blank\" rel=\"noreferrer noopener\">Motto 39: Getuigenis van zijn geloof in God en van zijn rotsvast vertrouwen in Hem<\/a><\/div>\n<\/div>\n\n\n\n<div class=\"wp-block-buttons is-layout-flex wp-block-buttons-is-layout-flex\"><\/div>\n\n\n\n<div class=\"wp-block-buttons is-layout-flex wp-block-buttons-is-layout-flex\">\n<div class=\"wp-block-button\"><a class=\"wp-block-button__link has-text-color has-background wp-element-button\" href=\"https:\/\/youtu.be\/-RoZky1-mv0\" style=\"border-radius:50px;color:#f6fafc;background-color:#2e6c11\" target=\"_blank\" rel=\"noreferrer noopener\">Motto 41: Verduurzaming is meer dan een kosten-baten-analyse<\/a><\/div>\n<\/div>\n\n\n\n<div class=\"wp-block-buttons is-layout-flex wp-block-buttons-is-layout-flex\">\n<div class=\"wp-block-button\"><a class=\"wp-block-button__link has-text-color has-background wp-element-button\" href=\"https:\/\/www.youtube.com\/watch?v=2On7Ldf1NZs\" style=\"border-radius:50px;color:#f6fafc;background-color:#2e6c11\" target=\"_blank\" rel=\"noreferrer noopener\">Motto 42: Jong gezin neemt een zoekende jongere in huis op; wederzijds vertrouwen<\/a><\/div>\n<\/div>\n\n\n\n<div class=\"wp-block-buttons is-layout-flex wp-block-buttons-is-layout-flex\">\n<div class=\"wp-block-button\"><a class=\"wp-block-button__link has-text-color has-background wp-element-button\" href=\"https:\/\/www.youtube.com\/watch?v=l-6s1iWRZBc\" style=\"border-radius:50px;color:#f6fafc;background-color:#2e6c11\" target=\"_blank\" rel=\"noreferrer noopener\">Motto 43: Houvast vinden in de Bijbel \u2013 een bemoedigend woord<\/a><\/div>\n<\/div>\n\n\n\n<div class=\"wp-block-buttons is-layout-flex wp-block-buttons-is-layout-flex\">\n<div class=\"wp-block-button\"><a class=\"wp-block-button__link has-text-color has-background wp-element-button\" href=\"https:\/\/www.youtube.com\/watch?v=jrZ6RHAlsOQ\" style=\"border-radius:50px;color:#f6fafc;background-color:#2e6c11\" target=\"_blank\" rel=\"noreferrer noopener\">Motto 44: Het juiste pad kiezen; geen wraak (willen) nemen<\/a><\/div>\n<\/div>\n\n\n\n<div class=\"wp-block-buttons is-layout-flex wp-block-buttons-is-layout-flex\">\n<div class=\"wp-block-button\"><a class=\"wp-block-button__link has-text-color has-background wp-element-button\" href=\"https:\/\/www.youtube.com\/watch?v=URWCfV1DRO8\" style=\"border-radius:50px;color:#f6fafc;background-color:#2e6c11\" target=\"_blank\" rel=\"noreferrer noopener\">Motto 45: Deze musicus; dichter bij God dan hij zegt<\/a><\/div>\n<\/div>\n\n\n\n<div class=\"wp-block-buttons is-layout-flex wp-block-buttons-is-layout-flex\">\n<div class=\"wp-block-button\"><a class=\"wp-block-button__link has-text-color has-background wp-element-button\" href=\"https:\/\/www.youtube.com\/watch?v=DufyuBmOMb4\" style=\"border-radius:50px;color:#f6fafc;background-color:#2e6c11\" target=\"_blank\" rel=\"noreferrer noopener\">Motto 46: Geloofsopvoeding, zo kan ik over Gods Zoon aan kinderen vertellen<\/a><\/div>\n<\/div>\n","protected":false},"excerpt":{"rendered":"<p>Het beeldmateriaal is volledig uit openbare delen van het internet. Wegens de directe relatie met een bepaald motto is de aanduiding van een video op deze website anders dan de titel van de betreffende video op het openbare deel van het internet. Klik hieronder op \u00e9\u00e9n van de groene knoppen om de video af te&hellip;&nbsp;<a href=\"https:\/\/christelijkisliefdevol.nl\/index.php\/films-2021\/\" rel=\"bookmark\">Lees verder &raquo;<span class=\"screen-reader-text\">2021<\/span><\/a><\/p>\n","protected":false},"author":1,"featured_media":0,"parent":0,"menu_order":55,"comment_status":"closed","ping_status":"closed","template":"","meta":{"neve_meta_sidebar":"full-width","neve_meta_container":"","neve_meta_enable_content_width":"on","neve_meta_content_width":100,"neve_meta_title_alignment":"","neve_meta_author_avatar":"","neve_post_elements_order":"","neve_meta_disable_header":"","neve_meta_disable_footer":"","neve_meta_disable_title":"","footnotes":""},"class_list":["post-1142","page","type-page","status-publish","hentry"],"_links":{"self":[{"href":"https:\/\/christelijkisliefdevol.nl\/index.php\/wp-json\/wp\/v2\/pages\/1142","targetHints":{"allow":["GET"]}}],"collection":[{"href":"https:\/\/christelijkisliefdevol.nl\/index.php\/wp-json\/wp\/v2\/pages"}],"about":[{"href":"https:\/\/christelijkisliefdevol.nl\/index.php\/wp-json\/wp\/v2\/types\/page"}],"author":[{"embeddable":true,"href":"https:\/\/christelijkisliefdevol.nl\/index.php\/wp-json\/wp\/v2\/users\/1"}],"replies":[{"embeddable":true,"href":"https:\/\/christelijkisliefdevol.nl\/index.php\/wp-json\/wp\/v2\/comments?post=1142"}],"version-history":[{"count":25,"href":"https:\/\/christelijkisliefdevol.nl\/index.php\/wp-json\/wp\/v2\/pages\/1142\/revisions"}],"predecessor-version":[{"id":1914,"href":"https:\/\/christelijkisliefdevol.nl\/index.php\/wp-json\/wp\/v2\/pages\/1142\/revisions\/1914"}],"wp:attachment":[{"href":"https:\/\/christelijkisliefdevol.nl\/index.php\/wp-json\/wp\/v2\/media?parent=1142"}],"curies":[{"name":"wp","href":"https:\/\/api.w.org\/{rel}","templated":true}]}}