{"id":1206,"date":"2021-02-12T14:28:22","date_gmt":"2021-02-12T13:28:22","guid":{"rendered":"https:\/\/christelijkisliefdevol.nl\/?page_id=1206"},"modified":"2024-12-31T11:01:07","modified_gmt":"2024-12-31T10:01:07","slug":"alle-mottos-bij-elkaar","status":"publish","type":"page","link":"https:\/\/christelijkisliefdevol.nl\/index.php\/diversen\/alle-mottos-bij-elkaar\/","title":{"rendered":"Alle motto&#8217;s bij elkaar"},"content":{"rendered":"\n<p class=\"has-text-align-right has-text-color\" style=\"color:#244802;font-size:17px\">28 december 2024<\/p>\n\n\n\n<p class=\"has-text-color\" style=\"color:#244802;font-size:17px\">Tot op heden zijn 60 motto\u2019s speciaal voor <em>Christelijk is liefdevol<\/em> geformuleerd en via deze website gepubliceerd, waarvan:<\/p>\n\n\n\n<p class=\"has-text-color\" style=\"color:#244802\">-. de tien volgende motto&#8217;s in 2018:<\/p>\n\n\n\n<p class=\"has-text-color\" style=\"color:#244802\">1.&nbsp;&nbsp;&nbsp;&nbsp;&nbsp;&nbsp;&nbsp;&nbsp;&nbsp;&nbsp;&nbsp; Eerbied voor God gaat hand in hand met liefde<\/p>\n\n\n\n<p class=\"has-text-color\" style=\"color:#244802\">2.&nbsp;&nbsp;&nbsp;&nbsp;&nbsp;&nbsp;&nbsp;&nbsp;&nbsp;&nbsp;&nbsp; Door eigen keuze dichter bij of verder van God<\/p>\n\n\n\n<p class=\"has-text-color\" style=\"color:#244802\">3.&nbsp;&nbsp;&nbsp;&nbsp;&nbsp;&nbsp;&nbsp;&nbsp;&nbsp;&nbsp;&nbsp; Jouw inzet voor je naaste verbindt je met God<\/p>\n\n\n\n<p class=\"has-text-color\" style=\"color:#244802\">4.&nbsp;&nbsp;&nbsp;&nbsp;&nbsp;&nbsp;&nbsp;&nbsp;&nbsp;&nbsp;&nbsp; In contact met God: zegen voor jezelf en voor anderen<\/p>\n\n\n\n<p class=\"has-text-color\" style=\"color:#244802\">5.&nbsp;&nbsp;&nbsp;&nbsp;&nbsp;&nbsp;&nbsp;&nbsp;&nbsp;&nbsp;&nbsp; Bewust van je eigen tekortkomingen, gratie verlenen aan een ander<\/p>\n\n\n\n<p class=\"has-text-color\" style=\"color:#244802\">6.&nbsp;&nbsp;&nbsp;&nbsp;&nbsp;&nbsp;&nbsp;&nbsp;&nbsp;&nbsp;&nbsp; Je bezit aan geld en goederen delen met anderen is eenvoudiger dan zwemmen in je geld<\/p>\n\n\n\n<p class=\"has-text-color\" style=\"color:#244802\">7.&nbsp;&nbsp;&nbsp;&nbsp;&nbsp;&nbsp;&nbsp;&nbsp;&nbsp;&nbsp;&nbsp; Schrijf de ander niet af als die een misstap heeft begaan; denk liever in mogelijkheden dan in beperkingen<\/p>\n\n\n\n<p class=\"has-text-color\" style=\"color:#244802\">8.&nbsp;&nbsp;&nbsp;&nbsp;&nbsp;&nbsp;&nbsp;&nbsp;&nbsp;&nbsp;&nbsp; Verdwaalden de juiste weg meehelpen vinden;&nbsp; een vooruitzicht voor hen op een hartelijk welkom bij hun terugkeer<\/p>\n\n\n\n<p class=\"has-text-color\" style=\"color:#244802\">9.&nbsp;&nbsp;&nbsp;&nbsp;&nbsp;&nbsp;&nbsp;&nbsp;&nbsp;&nbsp;&nbsp; God (her)vinden; eerzucht en zelfzucht achter je laten<\/p>\n\n\n\n<p class=\"has-text-color\" style=\"color:#244802\">10.&nbsp;&nbsp;&nbsp;&nbsp;&nbsp;&nbsp;&nbsp;&nbsp;&nbsp; Denkend aan pasgeboren Jezus en de drie Bijbelse Patriarchen; omzien naar de hedendaagse vluchteling <em>(een kerstgedachte)<\/em><\/p>\n\n\n\n<p class=\"has-text-color\" style=\"color:#244802\"><br>-. de twaalf volgende motto&#8217;s in 2019:<\/p>\n\n\n\n<p class=\"has-text-color\" style=\"color:#244802\">11.&nbsp;&nbsp;&nbsp;&nbsp;&nbsp;&nbsp;&nbsp;&nbsp;&nbsp; Alles, wat oprecht en zonder verwijt wordt gegeven en gedaan, is dankzij God; ontdek je mogelijkheden, benut en ontplooi die<\/p>\n\n\n\n<p class=\"has-text-color\" style=\"color:#244802\">12.&nbsp;&nbsp;&nbsp;&nbsp;&nbsp;&nbsp;&nbsp;&nbsp;&nbsp; Een hechte geloofsgemeenschap: christenen helpen elkaar, over landsgrenzen heen<\/p>\n\n\n\n<p class=\"has-text-color\" style=\"color:#244802\">13.&nbsp;&nbsp;&nbsp;&nbsp;&nbsp;&nbsp;&nbsp;&nbsp;&nbsp; In de Veertigdagentijd ons voorbereiden op Pasen; meer bidden, meer vasten en meer weldoen<\/p>\n\n\n\n<p class=\"has-text-color\" style=\"color:#244802\">14.&nbsp;&nbsp;&nbsp;&nbsp;&nbsp;&nbsp;&nbsp;&nbsp;&nbsp; Een rotsvast vertrouwen in God; bevrijding door verandering <em>(een paasgedachte)<\/em><\/p>\n\n\n\n<p class=\"has-text-color\" style=\"color:#244802\">15.&nbsp;&nbsp;&nbsp;&nbsp;&nbsp;&nbsp;&nbsp;&nbsp;&nbsp; Dankzij God\u2019s genade door Jezus Christus, voor allen een kans op eeuwig leven; vertel het aan anderen <em>(een gedachte voor Pinksteren)<\/em><\/p>\n\n\n\n<p class=\"has-text-color\" style=\"color:#244802\">16.&nbsp;&nbsp;&nbsp;&nbsp;&nbsp;&nbsp;&nbsp;&nbsp;&nbsp; Een hart van goud uit Gods liefde voor jou en je naaste<\/p>\n\n\n\n<p class=\"has-text-color\" style=\"color:#244802\">17.&nbsp;&nbsp;&nbsp;&nbsp;&nbsp;&nbsp;&nbsp;&nbsp;&nbsp; Gods werken in jou doet je het goede gunnen aan anderen<\/p>\n\n\n\n<p class=\"has-text-color\" style=\"color:#244802\">18.&nbsp;&nbsp;&nbsp;&nbsp;&nbsp;&nbsp;&nbsp;&nbsp;&nbsp; Je overtollige spullen hebben nut; maak er anderen gelukkig mee<\/p>\n\n\n\n<p class=\"has-text-color\" style=\"color:#244802\">19.&nbsp;&nbsp;&nbsp;&nbsp;&nbsp;&nbsp;&nbsp;&nbsp;&nbsp; Van je geloof in Hem getuigen; hopelijk daardoor anderen overtuigen, tot hun vreugde<\/p>\n\n\n\n<p class=\"has-text-color\" style=\"color:#244802\">20.&nbsp;&nbsp;&nbsp;&nbsp;&nbsp;&nbsp;&nbsp;&nbsp;&nbsp; Neerkijken op de ander baat niemand; de ander een helpende hand reiken wel<\/p>\n\n\n\n<p class=\"has-text-color\" style=\"color:#244802\">21.&nbsp;&nbsp;&nbsp;&nbsp;&nbsp;&nbsp;&nbsp;&nbsp;&nbsp; Het geloof in Hem en betoon van dienstbaarheid; onlosmakelijk met elkaar verbonden<\/p>\n\n\n\n<p class=\"has-text-color\" style=\"color:#244802\">22.&nbsp;&nbsp;&nbsp;&nbsp;&nbsp;&nbsp;&nbsp;&nbsp;&nbsp; Steun voor hen die belaagd of vervolgd worden wegens hun geloof in Hem (<em>een kerstgedachte)<\/em><\/p>\n\n\n\n<p class=\"has-text-color\" style=\"color:#244802\"><br>-. de twaalf volgende motto&#8217;s in 2020:<\/p>\n\n\n\n<p class=\"has-text-color\" style=\"color:#244802\">23.&nbsp;&nbsp;&nbsp;&nbsp;&nbsp;&nbsp;&nbsp;&nbsp;&nbsp; Getuigen van je geloof in Hem; je gebed verhoord, ook al sta je erbuiten<\/p>\n\n\n\n<p class=\"has-text-color\" style=\"color:#244802\">24.&nbsp;&nbsp;&nbsp;&nbsp;&nbsp;&nbsp;&nbsp;&nbsp;&nbsp; Weduwen worden gezien en gehoord; de getuigenis en de gift spreken voor zich<\/p>\n\n\n\n<p class=\"has-text-color\" style=\"color:#244802\">25.&nbsp;&nbsp;&nbsp;&nbsp;&nbsp;&nbsp;&nbsp;&nbsp;&nbsp; Een besef van het goede; het hele jaar door ernaar handelen (<em>gedachte voor deze Veertigdagentijd)<\/em><\/p>\n\n\n\n<p class=\"has-text-color\" style=\"color:#244802\">26.&nbsp;&nbsp;&nbsp;&nbsp;&nbsp;&nbsp;&nbsp;&nbsp;&nbsp; God is met ons, alle dagen; het volledig gericht zijn op Hem maakt christelijk liefdevol <em>(een paasgedachte)<\/em><\/p>\n\n\n\n<p class=\"has-text-color\" style=\"color:#244802\">27.&nbsp;&nbsp;&nbsp;&nbsp;&nbsp;&nbsp;&nbsp;&nbsp;&nbsp; Gekeerd zijn tot God; Hij is met ons, ook in moeilijke tijden, na ingrijpende gebeurtenissen<\/p>\n\n\n\n<p class=\"has-text-color\" style=\"color:#244802\">28.&nbsp;&nbsp;&nbsp;&nbsp;&nbsp;&nbsp;&nbsp;&nbsp;&nbsp; Ze zijn samen op weg; getuigen van hun geloof in Hem, doen goed voor anderen gedachtig Zijn woord <em>(gedachte voor Pinksteren)<\/em><\/p>\n\n\n\n<p class=\"has-text-color\" style=\"color:#244802\">29.&nbsp;&nbsp;&nbsp;&nbsp;&nbsp;&nbsp;&nbsp;&nbsp;&nbsp; Vol lof over God spreken; liefdevol vanaf toen je kleuter was tot nu je hoogbejaard bent<\/p>\n\n\n\n<p class=\"has-text-color\" style=\"color:#244802\">30.&nbsp;&nbsp;&nbsp;&nbsp;&nbsp;&nbsp;&nbsp;&nbsp;&nbsp; Liefdevol komt voort uit God; het is het waard om deze kennis en ervaring met anderen te delen<\/p>\n\n\n\n<p class=\"has-text-color\" style=\"color:#244802\">31.&nbsp;&nbsp;&nbsp;&nbsp;&nbsp;&nbsp;&nbsp;&nbsp;&nbsp; Al verkeren we in twijfel over Hem en of dat we het goede doen, Hij is met ons<\/p>\n\n\n\n<p class=\"has-text-color\" style=\"color:#244802\">32.&nbsp;&nbsp;&nbsp;&nbsp;&nbsp;&nbsp;&nbsp;&nbsp;&nbsp; De ander laten zien; je geloof in God delen en daardoor een ander helpen inzicht te krijgen<\/p>\n\n\n\n<p class=\"has-text-color\" style=\"color:#244802\">33.&nbsp;&nbsp;&nbsp;&nbsp;&nbsp;&nbsp;&nbsp;&nbsp;&nbsp; Meeleven met anderen, met elkaar aan vergevingsgezindheid blijven werken; wrok en bitterheid buitensluiten<\/p>\n\n\n\n<p class=\"has-text-color\" style=\"color:#244802\">34.&nbsp;&nbsp;&nbsp;&nbsp;&nbsp;&nbsp;&nbsp;&nbsp;&nbsp; Lichtend voorbeeld; het goede voorbeeld volgen leidt je naar de Allerhoogste, de Barmhartige <em>(een kerstgedachte)<\/em><\/p>\n\n\n\n<p class=\"has-text-color\" style=\"color:#244802\"><br>-. de volgende twaalf motto&#8217;s in 2021:<\/p>\n\n\n\n<p class=\"has-text-color\" style=\"color:#244802\">35.&nbsp;&nbsp;&nbsp;&nbsp;&nbsp;&nbsp;&nbsp;&nbsp;&nbsp; God heeft zijn onmetelijke liefde voor de mens geopenbaard, ook door zijn eniggeboren Zoon;&nbsp; heb Hem lief, wees ootmoedig en Hem dankbaar<\/p>\n\n\n\n<p class=\"has-text-color\" style=\"color:#244802\">36.&nbsp;&nbsp;&nbsp;&nbsp;&nbsp;&nbsp;&nbsp;&nbsp;&nbsp; Luisteren naar Hem; saamhorig zoeken naar de juiste weg en die volgen, ook tijdens deze al bijna een jaar durende coronapandemie<\/p>\n\n\n\n<p class=\"has-text-color\" style=\"color:#244802\">37.&nbsp;&nbsp;&nbsp;&nbsp;&nbsp;&nbsp;&nbsp;&nbsp;&nbsp; Leiders van het volk ervan bewust maken dat zij dienstbaar moeten zijn aan het volk; zuivere rechtspraak onderhouden, geen onrecht toestaan<\/p>\n\n\n\n<p class=\"has-text-color\" style=\"color:#244802\">38.&nbsp;&nbsp;&nbsp;&nbsp;&nbsp;&nbsp;&nbsp;&nbsp;&nbsp; Eer aan God; erkenning van zijn almacht en zijn grenzeloze barmhartigheid, waardoor wij, ons kerend naar Hem, christelijk mogen zijn <em>(een Paasgedachte)<\/em><\/p>\n\n\n\n<p class=\"has-text-color\" style=\"color:#244802\">39.&nbsp;&nbsp;&nbsp;&nbsp;&nbsp;&nbsp;&nbsp;&nbsp;&nbsp; Getuigen van Gods liefde en zorg voor de mens, en van zijn almacht; anderen daardoor stimuleren in het geloof in Hem <em>(een gedachte voor Pinksteren)<\/em><\/p>\n\n\n\n<p class=\"has-text-color\" style=\"color:#244802\">40.&nbsp;&nbsp;&nbsp;&nbsp;&nbsp;&nbsp;&nbsp;&nbsp;&nbsp; Je verbonden voelen met je naaste; huidskleur telt niet<\/p>\n\n\n\n<p class=\"has-text-color\" style=\"color:#244802\">41.&nbsp;&nbsp;&nbsp;&nbsp;&nbsp;&nbsp;&nbsp;&nbsp;&nbsp; De mens is tegenover God verantwoordelijk en aansprakelijk voor zijn omgang met de aarde; de mens heeft de aarde in gebruik en mag de aarde bewerken<\/p>\n\n\n\n<p class=\"has-text-color\" style=\"color:#244802\">42.&nbsp;&nbsp;&nbsp;&nbsp;&nbsp;&nbsp;&nbsp;&nbsp;&nbsp; God werkt door mensen: christenen en niet-christenen; het gaat om het hebben en tonen van een goede inborst<\/p>\n\n\n\n<p class=\"has-text-color\" style=\"color:#244802\">43.&nbsp;&nbsp;&nbsp;&nbsp;&nbsp;&nbsp;&nbsp;&nbsp;&nbsp; God laat zich vinden; anderen met vertrouwen in Hem kunnen je helpen Hem te vinden<\/p>\n\n\n\n<p class=\"has-text-color\" style=\"color:#244802\">44.&nbsp;&nbsp;&nbsp;&nbsp;&nbsp;&nbsp;&nbsp;&nbsp;&nbsp; Gods genade en barmhartigheid zijn zichtbaar; zijn wil tot verzoening volgen, ook in uiterste situaties<\/p>\n\n\n\n<p class=\"has-text-color\" style=\"color:#244802\">45.&nbsp;&nbsp;&nbsp;&nbsp;&nbsp;&nbsp;&nbsp;&nbsp;&nbsp; God is er voor je, altijd en overal, leidend en ondersteunend; in ieders diepe ellende, droefenis en doodsnood<\/p>\n\n\n\n<p class=\"has-text-color\" style=\"color:#244802\">46.&nbsp;&nbsp;&nbsp;&nbsp;&nbsp;&nbsp;&nbsp;&nbsp;&nbsp; Vertellen over Gods Zoon, Licht op aarde; God is trouw aan zijn belofte en toont zijn liefde voor de mens <em>(een kerstgedachte)<\/em><\/p>\n\n\n\n<p class=\"has-text-color\" style=\"color:#244802\"><br>-. de zes volgende motto&#8217;s in 2022:<\/p>\n\n\n\n<p class=\"has-text-color\" style=\"color:#244802\">47.&nbsp;&nbsp;&nbsp;&nbsp;&nbsp;&nbsp;&nbsp;&nbsp;&nbsp; God redt, zoals de naam Jezus zegt; verlossing en zegen voor alle volken dankzij Jezus Christus<\/p>\n\n\n\n<p class=\"has-text-color\" style=\"color:#244802\">48.&nbsp;&nbsp;&nbsp;&nbsp;&nbsp;&nbsp;&nbsp;&nbsp;&nbsp; Gods zegen over de mens: Jezus Christus is gekomen, verkondigend, predikend, genezend, bevrijdend; elkaar vrede toewensen<\/p>\n\n\n\n<p class=\"has-text-color\" style=\"color:#244802\">49.&nbsp;&nbsp;&nbsp;&nbsp;&nbsp;&nbsp;&nbsp;&nbsp;&nbsp; Advies en hulp vragen en krijgen bij het gaan van Gods wegen, en bij het doen van Gods wil <em>(een gedachte voor deze Veertigdagentijd)<\/em><\/p>\n\n\n\n<p class=\"has-text-color\" style=\"color:#244802\">50.&nbsp;&nbsp;&nbsp;&nbsp;&nbsp;&nbsp;&nbsp;&nbsp;&nbsp; Dankzij Gods almacht en eindeloze barmhartigheid is er een veilige thuishaven binnen bereik voor een ieder, die in geloof in Hem ernaar zoekt <em>(een gedachte voor Pasen<\/em>) <\/p>\n\n\n\n<p class=\"has-text-color\" style=\"color:#244802\">51.&nbsp;&nbsp;&nbsp;&nbsp;&nbsp;&nbsp;&nbsp;&nbsp;&nbsp; Essenti\u00eble rol van drie vrouwen in de heilsgeschiedenis; zij deden het juiste tegen de overtuiging van de man in, daarbij bereid om vloek en schande op zich te nemen <\/p>\n\n\n\n<p class=\"has-text-color\" style=\"color:#244802\">52.&nbsp;&nbsp;&nbsp;&nbsp;&nbsp;&nbsp;&nbsp;&nbsp;&nbsp; Je hoeft je naaste niet altijd ontmoet te hebben of dicht bij je te hebben om goed voor die naaste te doen; voor je het weet is die in ons midden <em>(gedachte in deze adventstijd)<\/em> <\/p>\n\n\n\n<p class=\"has-text-color\" style=\"color:#244802;font-size:17px\">-. de vier volgende motto&#8217;s in 2023:<\/p>\n\n\n\n<p class=\"has-text-color\" style=\"color:#244802\">53.&nbsp;&nbsp;&nbsp;&nbsp;&nbsp;&nbsp;&nbsp;&nbsp;&nbsp; De ander is gebaat bij opbouwende kritiek; roddelen is schade toebrengen aan de ander, zonder dat die zich er goed tegen kan verdedigen <em>(een gedachte midden in deze Veertigdagentijd)<\/em> <\/p>\n\n\n\n<p class=\"has-text-color\" style=\"color:#244802\">54.&nbsp;&nbsp;&nbsp;&nbsp;&nbsp;&nbsp;&nbsp;&nbsp;&nbsp; Van je geloof in God en in Jezus Christus getuigen, in woord en daad; ook ongedoopten deden dat <em>(een gedachte, kort na Pinksteren 2023)<\/em> <\/p>\n\n\n\n<p class=\"has-text-color\" style=\"color:#244802\">55.&nbsp;&nbsp;&nbsp;&nbsp;&nbsp;&nbsp;&nbsp;&nbsp;&nbsp; Dankzij Gods gerechtigheid, Gods oneindige genade en Gods oneindige barmhartigheid aan Hem mogen vragen om heil, voorspoed en redding voor de ander(en); ook voor de andersdenkende(n)<\/p>\n\n\n\n<p class=\"has-text-color\" style=\"color:#244802\">56.&nbsp;&nbsp;&nbsp;&nbsp;&nbsp;&nbsp;&nbsp;&nbsp;&nbsp; Gods oneindige barmhartigheid en oneindige genade, voor zowel de rechtvaardige als de zondaar <em>(een kerstgedachte)<\/em><\/p>\n\n\n\n<p class=\"has-text-color\" style=\"color:#244802;font-size:17px\"><br>-. de vier volgende motto&#8217;s in 2024:<\/p>\n\n\n\n<p class=\"has-text-color\" style=\"color:#244802\">57.&nbsp;&nbsp;&nbsp;&nbsp;&nbsp;&nbsp;&nbsp;&nbsp;&nbsp; Gods wil doen betekent dat we God liefhebben en Gods onmetelijke grootheid, oneindige trouw en genade erkennen; alleen daaruit vloeit zowel voor ons als onze naasten het goede voort en wij kunnen Hem er alleen maar dankbaar voor zijn <em>(een gedachte voor Pasen) <\/em><\/p>\n\n\n\n<p class=\"has-text-color\" style=\"color:#244802\">58.&nbsp;&nbsp;&nbsp;&nbsp;&nbsp;&nbsp;&nbsp;&nbsp;&nbsp; Op God vertrouwen onder alle omstandigheden; in Hem vertrouwen hebben, want Hij is bij je<\/p>\n\n\n\n<p class=\"has-text-color\" style=\"color:#244802\">59.&nbsp;&nbsp;&nbsp;&nbsp;&nbsp;&nbsp;&nbsp;&nbsp;&nbsp; De tien geboden van God in steen gegrift en de christelijke leer in je hart gegrift hangen van Gods liefde voor de mens aan elkaar<\/p>\n\n\n\n<p class=\"has-text-color\" style=\"color:#244802\">60.&nbsp;&nbsp;&nbsp;&nbsp;&nbsp;&nbsp;&nbsp;&nbsp;&nbsp; God, die de Heer van de machten is \u00e8n de Schepper van alles en allen, ononderbroken aanwezig van v\u00f3\u00f3r het vroegste begin tot n\u00e1 het einde der tijden; \u2018God redt\u2019 en \u2019God is genadig\u2019 zoals de namen Jezus en Johannes betekenen <em>(Een altijd en overal geldig besef)<\/em><\/p>\n\n\n\n<p><\/p>\n","protected":false},"excerpt":{"rendered":"<p>28 december 2024 Tot op heden zijn 60 motto\u2019s speciaal voor Christelijk is liefdevol geformuleerd en via deze website gepubliceerd, waarvan: -. de tien volgende motto&#8217;s in 2018: 1.&nbsp;&nbsp;&nbsp;&nbsp;&nbsp;&nbsp;&nbsp;&nbsp;&nbsp;&nbsp;&nbsp; Eerbied voor God gaat hand in hand met liefde 2.&nbsp;&nbsp;&nbsp;&nbsp;&nbsp;&nbsp;&nbsp;&nbsp;&nbsp;&nbsp;&nbsp; Door eigen keuze dichter bij of verder van God 3.&nbsp;&nbsp;&nbsp;&nbsp;&nbsp;&nbsp;&nbsp;&nbsp;&nbsp;&nbsp;&nbsp; Jouw inzet voor je naaste verbindt&hellip;&nbsp;<a href=\"https:\/\/christelijkisliefdevol.nl\/index.php\/diversen\/alle-mottos-bij-elkaar\/\" rel=\"bookmark\">Lees verder &raquo;<span class=\"screen-reader-text\">Alle motto&#8217;s bij elkaar<\/span><\/a><\/p>\n","protected":false},"author":1,"featured_media":0,"parent":944,"menu_order":0,"comment_status":"closed","ping_status":"closed","template":"","meta":{"neve_meta_sidebar":"full-width","neve_meta_container":"","neve_meta_enable_content_width":"on","neve_meta_content_width":100,"neve_meta_title_alignment":"","neve_meta_author_avatar":"","neve_post_elements_order":"","neve_meta_disable_header":"","neve_meta_disable_footer":"","neve_meta_disable_title":"","footnotes":""},"class_list":["post-1206","page","type-page","status-publish","hentry"],"_links":{"self":[{"href":"https:\/\/christelijkisliefdevol.nl\/index.php\/wp-json\/wp\/v2\/pages\/1206","targetHints":{"allow":["GET"]}}],"collection":[{"href":"https:\/\/christelijkisliefdevol.nl\/index.php\/wp-json\/wp\/v2\/pages"}],"about":[{"href":"https:\/\/christelijkisliefdevol.nl\/index.php\/wp-json\/wp\/v2\/types\/page"}],"author":[{"embeddable":true,"href":"https:\/\/christelijkisliefdevol.nl\/index.php\/wp-json\/wp\/v2\/users\/1"}],"replies":[{"embeddable":true,"href":"https:\/\/christelijkisliefdevol.nl\/index.php\/wp-json\/wp\/v2\/comments?post=1206"}],"version-history":[{"count":103,"href":"https:\/\/christelijkisliefdevol.nl\/index.php\/wp-json\/wp\/v2\/pages\/1206\/revisions"}],"predecessor-version":[{"id":2383,"href":"https:\/\/christelijkisliefdevol.nl\/index.php\/wp-json\/wp\/v2\/pages\/1206\/revisions\/2383"}],"up":[{"embeddable":true,"href":"https:\/\/christelijkisliefdevol.nl\/index.php\/wp-json\/wp\/v2\/pages\/944"}],"wp:attachment":[{"href":"https:\/\/christelijkisliefdevol.nl\/index.php\/wp-json\/wp\/v2\/media?parent=1206"}],"curies":[{"name":"wp","href":"https:\/\/api.w.org\/{rel}","templated":true}]}}