{"id":1344,"date":"2021-06-17T15:04:57","date_gmt":"2021-06-17T13:04:57","guid":{"rendered":"https:\/\/christelijkisliefdevol.nl\/?page_id=1344"},"modified":"2025-02-10T12:53:07","modified_gmt":"2025-02-10T11:53:07","slug":"motto-40","status":"publish","type":"page","link":"https:\/\/christelijkisliefdevol.nl\/index.php\/mottos-2021\/motto-40\/","title":{"rendered":"Motto 40"},"content":{"rendered":"\n<p style=\"font-size:17px\"><em>Je verbonden voelen met je naaste; huidskleur telt niet<\/em><\/p>\n\n\n\n<p class=\"has-text-color\" style=\"color:#244802;font-size:17px\"><br>Dit motto is gebaseerd op onder meer de volgende bijbelverzen:<\/p>\n\n\n\n<p class=\"has-text-color\" style=\"color:#244802;font-size:17px\">&#8220;De HEER zag hoezeer de slechtheid van de mensen op de aarde was toegenomen, en hoezeer de begeerte van hun hart de hele dag naar het kwade uitging.<br>Alleen Noach vond genade in de ogen van de HEER.<br>Dit is de geschiedenis van Noach. Noach was een rechtschapen man; hij bleef temidden van zijn tijdgenoten een onberispelijk leven leiden en hij richtte zijn schreden naar God. Noach verwekte drie zonen: Sem, Cham en Jafet.&#8221;: Genesis 6: 5, 8-10, WV.<\/p>\n\n\n\n<p class=\"has-text-color\" style=\"color:#244802;font-size:17px\">&#8220;Daarna zei de HEERE tegen Noach: Ga in de ark, u en heel uw gezin, want Ik heb gezien dat u te midden van uw tijdgenoten voor Mijn aangezicht rechtvaardig bent.<br>Toen ging Noach met zijn zonen, zijn vrouw en de vrouwen van zijn zonen met hem in de ark, vanwege het water van de vloed.<br>Zo verdelgde Hij alles wat bestond, wat op de aardbodem was, van mens tot dier, tot kruipende dieren en vogels in de lucht; verdelgd werden zij van de aarde. Alleen Noach bleef over, en wat met hem in de ark was.&#8221;: Genesis 7: 1,7, 23, HSV.<\/p>\n\n\n\n<p class=\"has-text-color\" style=\"color:#244802;font-size:17px\">&#8220;In het zeshonderdeerste jaar, op de eerste dag van de eerste maand, begon het water boven de aarde op te drogen. Nu schoof Noach het dak van de ark opzij en keek naar buiten; en zie, de aardbodem was droog. Op de zevenentwintigste dag van de tweede maand was de aarde droog.<br>God sprak tot Noach en zei:&nbsp;\u2018Ga uit de ark, met uw vrouw, uw zonen en de vrouwen van uw zonen. Laat alle dieren die bij u zijn mee naar buiten komen, alle levende wezens, vogels, viervoetige dieren en kruipende dieren; dan kunnen zij weer de aarde bevolken, weer vruchtbaar zijn en talrijk worden op de aarde.\u2019 Toen ging Noach met zijn zonen, zijn vrouw en de vrouwen van zijn zonen naar buiten.&#8221;: Genesis 8: 13-18, WV.<\/p>\n\n\n\n<p class=\"has-text-color\" style=\"color:#244802;font-size:17px\">&#8220;De zonen van Cham zijn: Cusj, Mizraim, Put en Kana\u00e4n.&#8221;: Genesis 10: 6, HSV.<\/p>\n\n\n\n<p class=\"has-text-color\" style=\"color:#244802;font-size:17px\">&#8220;Mirjam, en <em>ook<\/em> A\u00e4ron, spraken over Mozes vanwege de Cusjitische vrouw die hij genomen had, want hij had een Cusjitische vrouw genomen.<br>Zij zeiden: Heeft de HEERE alleen maar door Mozes gesproken? Heeft Hij ook niet door ons gesproken? En de HEERE hoorde het.<br>Meteen zei de HEERE tegen Mozes, en tegen A\u00e4ron, en tegen Mirjam: U met zijn drie\u00ebn, vertrek naar de tent van ontmoeting. En zij vertrokken met z&#8217;n drie\u00ebn <em>daarnaartoe<\/em>.<br>Toen daalde de HEERE neer in de wolkkolom en ging bij de ingang van de tent staan. Hij riep A\u00e4ron en Mirjam, en zij kwamen beiden naar voren.<br>Zo ontbrandde de toorn van de HEERE tegen hen, en Hij ging weg.&#8221;<strong>: <\/strong>Numeri 12: 1-2, 4-5, 9, HSV.<\/p>\n\n\n\n<p class=\"has-text-color\" style=\"color:#244802;font-size:17px\">&#8220;Donker van <em>huid<\/em> ben ik (\u2026)<br>Zie niet op mij neer omdat ik donker ben (\u2026)&#8221;: Hooglied 1: 5-6, HSV.<\/p>\n\n\n\n<p class=\"has-text-color\" style=\"color:#244802;font-size:17px\">&#8220;Vorstelijke gezanten zullen uit Egypte komen,<br>Cusj zal zich haasten zijn handen naar God <em>uit te strekken<\/em>.<br>Koninkrijken van de aarde, zing voor God;<br>zing psalmen voor de Heere,&#8221;: Psalm 68: 32-33<strong>, <\/strong>HSV.<\/p>\n\n\n\n<p class=\"has-text-color\" style=\"color:#244802;font-size:17px\">&#8220;(&#8230;) Zij komen naar de Sion, waar de naam woont van de HEER van de hemelse machten.<strong>&#8220;: <\/strong>Jesaja 18: 7, NBV.<\/p>\n\n\n\n<p class=\"has-text-color\" style=\"color:#244802;font-size:17px\">&#8220;De twaalf riepen daarop de hele groep leerlingen bij elkaar en zeiden: \u2018Het is onverantwoord dat wij het woord van God verwaarlozen om te kunnen zorgen voor de ondersteuning.&nbsp; Zie daarom uit, broeders, naar zeven personen uit jullie midden, die goed bekend staan, vol van de Geest en van wijsheid. Hen zullen wij dan met deze taak belasten,&nbsp; terwijl w\u00edj ons blijven toeleggen op het gebed en de bediening van het woord.\u2019&nbsp; De hele groep stemde met dit voorstel in. Zij kozen Stefanus, een man vol geloof en heilige Geest, en verder Filippus (&#8230;) Ze droegen hen voor aan de apostelen, en die legden hun na gebed de handen op.&#8221;: Handelingen 6: 2-6, WV.<\/p>\n\n\n\n<p class=\"has-text-color\" style=\"color:#244802;font-size:17px\">&#8220;En een engel van de Heere sprak tot Filippus en zei: Sta op en ga naar het zuiden, de weg op die van Jeruzalem afdaalt naar Gaza, die eenzaam is.<br>En hij stond op en ging <em>op weg<\/em>; en zie, een Ethiopi\u00ebr, een kamerheer <em>en<\/em> een machtig heer van de kandak\u00e8, de koningin van de Ethiopi\u00ebrs, die heel haar schat<em>kist<\/em> beheerde en gekomen was om in Jeruzalem te aanbidden, keerde terug, en hij zat op zijn wagen en las de profeet Jesaja.<br>En de Geest zei tegen Filippus: Ga ernaartoe en voeg u bij deze wagen.<br>En Filippus snelde ernaartoe, hoorde hem de profeet Jesaja lezen en zei: Begrijpt u ook wat u leest?<br>Maar hij zei: Hoe zou ik <em>dat<\/em> kunnen, als niemand mij de weg wijst? En hij verzocht Filippus op <em>de wagen<\/em><strong> <\/strong>te klimmen en bij hem te komen zitten.<br>En het schriftgedeelte dat hij las, was dit:<br>Hij is als een schaap naar de slachting geleid en zoals een lam stemmeloos is bij de scheerder, zo doet Hij Zijn mond niet open.<br>In Zijn vernedering is Zijn oordeel weggenomen en wie zal over Zijn geslacht vertellen? Want Zijn leven wordt van de aarde weggenomen.<br>En de kamerheer antwoordde Filippus en zei: Ik vraag u, over wie zegt de profeet dit? Over zichzelf of over iemand anders?<br>En Filippus deed zijn mond open en, uitgaande van dat Schriftwoord, verkondigde hij hem Jezus.<br>En terwijl zij onderweg waren, kwamen zij bij een water. En de kamerheer zei: Kijk, daar is water; wat verhindert mij gedoopt te worden?<br>En Filippus zei: Als u met heel <em>uw<\/em> hart gelooft, is het geoorloofd. En hij antwoordde en zei: Ik geloof dat Jezus Christus de Zoon van God is.<br>En hij liet de wagen stilhouden, en zij daalden beiden af in het water, zowel Filippus als de kamerheer, en hij doopte hem. <br>En toen zij uit het water opgekomen waren, nam de Geest van de Heere Filippus weg; en de kamerheer zag hem niet meer, want hij vervolgde zijn weg met blijdschap.&#8221;: Handelingen 8:26-39, HSV.<\/p>\n\n\n\n<p style=\"font-size:17px\">.<br>Bijbehorend filmpje van motto 40 is tijdelijk verwijderd.<\/p>\n\n\n\n<p class=\"has-text-color\" style=\"color:#244802\"><\/p>\n\n\n\n<p class=\"has-text-color\" style=\"color:#244802;font-size:17px\">.<\/p>\n\n\n\n<p class=\"has-text-color\" style=\"color:#244802;font-size:17px\">.<\/p>\n","protected":false},"excerpt":{"rendered":"<p>Je verbonden voelen met je naaste; huidskleur telt niet Dit motto is gebaseerd op onder meer de volgende bijbelverzen: &#8220;De HEER zag hoezeer de slechtheid van de mensen op de aarde was toegenomen, en hoezeer de begeerte van hun hart de hele dag naar het kwade uitging.Alleen Noach vond genade in de ogen van de&hellip;&nbsp;<a href=\"https:\/\/christelijkisliefdevol.nl\/index.php\/mottos-2021\/motto-40\/\" rel=\"bookmark\">Lees verder &raquo;<span class=\"screen-reader-text\">Motto 40<\/span><\/a><\/p>\n","protected":false},"author":1,"featured_media":0,"parent":1128,"menu_order":40,"comment_status":"closed","ping_status":"closed","template":"","meta":{"neve_meta_sidebar":"full-width","neve_meta_container":"","neve_meta_enable_content_width":"on","neve_meta_content_width":100,"neve_meta_title_alignment":"","neve_meta_author_avatar":"","neve_post_elements_order":"","neve_meta_disable_header":"","neve_meta_disable_footer":"","neve_meta_disable_title":"","footnotes":""},"class_list":["post-1344","page","type-page","status-publish","hentry"],"_links":{"self":[{"href":"https:\/\/christelijkisliefdevol.nl\/index.php\/wp-json\/wp\/v2\/pages\/1344","targetHints":{"allow":["GET"]}}],"collection":[{"href":"https:\/\/christelijkisliefdevol.nl\/index.php\/wp-json\/wp\/v2\/pages"}],"about":[{"href":"https:\/\/christelijkisliefdevol.nl\/index.php\/wp-json\/wp\/v2\/types\/page"}],"author":[{"embeddable":true,"href":"https:\/\/christelijkisliefdevol.nl\/index.php\/wp-json\/wp\/v2\/users\/1"}],"replies":[{"embeddable":true,"href":"https:\/\/christelijkisliefdevol.nl\/index.php\/wp-json\/wp\/v2\/comments?post=1344"}],"version-history":[{"count":25,"href":"https:\/\/christelijkisliefdevol.nl\/index.php\/wp-json\/wp\/v2\/pages\/1344\/revisions"}],"predecessor-version":[{"id":2591,"href":"https:\/\/christelijkisliefdevol.nl\/index.php\/wp-json\/wp\/v2\/pages\/1344\/revisions\/2591"}],"up":[{"embeddable":true,"href":"https:\/\/christelijkisliefdevol.nl\/index.php\/wp-json\/wp\/v2\/pages\/1128"}],"wp:attachment":[{"href":"https:\/\/christelijkisliefdevol.nl\/index.php\/wp-json\/wp\/v2\/media?parent=1344"}],"curies":[{"name":"wp","href":"https:\/\/api.w.org\/{rel}","templated":true}]}}