{"id":138,"date":"2020-08-22T16:58:59","date_gmt":"2020-08-22T14:58:59","guid":{"rendered":"https:\/\/christelijkisliefdevol.nl\/?page_id=138"},"modified":"2022-01-16T15:10:54","modified_gmt":"2022-01-16T14:10:54","slug":"beeldmateriaal-per-motto-van-2018","status":"publish","type":"page","link":"https:\/\/christelijkisliefdevol.nl\/index.php\/beeldmateriaal-per-motto-van-2018\/","title":{"rendered":"Filmpjes van 2018"},"content":{"rendered":"\n<p class=\"has-text-color\" style=\"color:#244802;font-size:17px\">Het beeldmateriaal is volledig uit openbare delen van het internet.<br><br>Wegens de directe relatie met een bepaald motto is de aanduiding van een video op deze website anders dan de titel van de betreffende video op het openbare deel van het internet.<br><br>Klik hieronder op \u00e9\u00e9n van de groene knoppen om de video af te spelen die bij \u00e9\u00e9n van de tien motto&#8217;s van 2018 hoort.<br>De gekozen video wordt in een nieuw venster afgespeeld.<br><br>Om naar deze pagina terug te keren, hoeft u alleen dat nieuwe venster af te sluiten door op het <em>x<\/em> teken van het nieuwe venster te klikken. <br><\/p>\n\n\n\n<div class=\"wp-block-buttons is-layout-flex wp-block-buttons-is-layout-flex\">\n<div class=\"wp-block-button is-style-default\"><a class=\"wp-block-button__link has-text-color has-background\" href=\"https:\/\/www.youtube.com\/watch?v=XKXtVt_k6yA\" style=\"border-radius:50px;background-color:#2e6c11;color:#f6fafc\" target=\"_blank\" rel=\"noreferrer noopener\">Motto 1: Straatpastoraat<\/a><\/div>\n<\/div>\n\n\n\n<div class=\"wp-block-buttons is-layout-flex wp-block-buttons-is-layout-flex\">\n<div class=\"wp-block-button\"><a class=\"wp-block-button__link has-text-color has-background\" href=\"https:\/\/www.youtube.com\/watch?v=6-d7QUwutJc&amp;start=71\" style=\"border-radius:50px;background-color:#2e6c11;color:#f6fafc\" target=\"_blank\" rel=\"noreferrer noopener\">Motto 2: Voor Jezus Christus de tijd nemen<\/a><\/div>\n<\/div>\n\n\n\n<div class=\"wp-block-buttons is-layout-flex wp-block-buttons-is-layout-flex\">\n<div class=\"wp-block-button\"><a class=\"wp-block-button__link has-text-color has-background\" href=\"https:\/\/www.youtube.com\/watch?v=Uu3a62pMZO0#t=42s\" style=\"border-radius:50px;background-color:#2e6c11;color:#f6fafc\" target=\"_blank\" rel=\"noreferrer noopener\">Motto 3: Wie zeker je naaste is<\/a><\/div>\n<\/div>\n\n\n\n<div class=\"wp-block-buttons is-layout-flex wp-block-buttons-is-layout-flex\">\n<div class=\"wp-block-button\"><a class=\"wp-block-button__link has-text-color has-background\" href=\"https:\/\/www.youtube.com\/watch?v=PXaPd75C9ic#t=22s\" style=\"border-radius:50px;background-color:#2e6c11;color:#f6fafc\" target=\"_blank\" rel=\"noreferrer noopener\">Motto 4: Voorbeeld van kort gebed om zegen<\/a><\/div>\n<\/div>\n\n\n\n<div class=\"wp-block-buttons is-layout-flex wp-block-buttons-is-layout-flex\">\n<div class=\"wp-block-button\"><a class=\"wp-block-button__link has-text-color has-background\" href=\"https:\/\/www.youtube.com\/watch?v=R5eq5f77AGs\" style=\"border-radius:50px;background-color:#2e6c11;color:#f6fafc\" target=\"_blank\" rel=\"noreferrer noopener\">Motto 5: Valstrik voor Jezus Christus<\/a><\/div>\n<\/div>\n\n\n\n<div class=\"wp-block-buttons is-layout-flex wp-block-buttons-is-layout-flex\">\n<div class=\"wp-block-button\"><a class=\"wp-block-button__link has-background\" href=\"https:\/\/www.youtube.com\/watch?v=NBRrCY5uhWY#t=23s\" style=\"border-radius:50px;background-color:#2e6c11\" target=\"_blank\" rel=\"noreferrer noopener\">Motto 6: Alleen \u00e9\u00e9n specifieke eend kan zwemmen in z&#8217;n geld<\/a><\/div>\n<\/div>\n\n\n\n<div class=\"wp-block-buttons is-layout-flex wp-block-buttons-is-layout-flex\">\n<div class=\"wp-block-button\"><a class=\"wp-block-button__link has-text-color has-background\" href=\"https:\/\/www.youtube.com\/watch?v=lDvV3BbVgbs\" style=\"border-radius:50px;background-color:#2e6c11;color:#f6fafc\" target=\"_blank\" rel=\"noreferrer noopener\">Motto 7: Blijf de ander waarderen<\/a><\/div>\n<\/div>\n\n\n\n<div class=\"wp-block-buttons is-layout-flex wp-block-buttons-is-layout-flex\">\n<div class=\"wp-block-button\"><a class=\"wp-block-button__link has-text-color has-background\" href=\"https:\/\/www.youtube.com\/watch?v=oPC8VcP4Lko\" style=\"border-radius:50px;background-color:#2e6c11;color:#f6fafc\" target=\"_blank\" rel=\"noreferrer noopener\">Motto 8: Gevangenispastoraat<\/a><\/div>\n<\/div>\n\n\n\n<div class=\"wp-block-buttons is-layout-flex wp-block-buttons-is-layout-flex\">\n<div class=\"wp-block-button\"><a class=\"wp-block-button__link has-text-color has-background\" href=\"https:\/\/www.youtube.com\/watch?v=RwlFnt1SYu4\" style=\"border-radius:50px;background-color:#2e6c11;color:#f6fafc\" target=\"_blank\" rel=\"noreferrer noopener\">Motto 9: Sportheld vertelt over keerzijde van roem<\/a><\/div>\n<\/div>\n\n\n\n<div class=\"wp-block-buttons is-layout-flex wp-block-buttons-is-layout-flex\">\n<div class=\"wp-block-button\"><a class=\"wp-block-button__link has-text-color has-background\" href=\"https:\/\/www.youtube.com\/watch?v=UyMm4ehm4dM#t=65s\" style=\"border-radius:50px;background-color:#2e6c11;color:#f6fafc\" target=\"_blank\" rel=\"noreferrer noopener\">Motto 10: In deze advent zingend bidden: &#8220;Here, leer ons \u2026&#8221;<\/a><\/div>\n<\/div>\n\n\n\n<p><\/p>\n","protected":false},"excerpt":{"rendered":"<p>Het beeldmateriaal is volledig uit openbare delen van het internet. Wegens de directe relatie met een bepaald motto is de aanduiding van een video op deze website anders dan de titel van de betreffende video op het openbare deel van het internet. Klik hieronder op \u00e9\u00e9n van de groene knoppen om de video af te&hellip;&nbsp;<a href=\"https:\/\/christelijkisliefdevol.nl\/index.php\/beeldmateriaal-per-motto-van-2018\/\" rel=\"bookmark\">Lees verder &raquo;<span class=\"screen-reader-text\">Filmpjes van 2018<\/span><\/a><\/p>\n","protected":false},"author":1,"featured_media":0,"parent":0,"menu_order":35,"comment_status":"closed","ping_status":"closed","template":"","meta":{"neve_meta_sidebar":"full-width","neve_meta_container":"","neve_meta_enable_content_width":"on","neve_meta_content_width":100,"neve_meta_title_alignment":"","neve_meta_author_avatar":"","neve_post_elements_order":"","neve_meta_disable_header":"","neve_meta_disable_footer":"","neve_meta_disable_title":"","footnotes":""},"class_list":["post-138","page","type-page","status-publish","hentry"],"_links":{"self":[{"href":"https:\/\/christelijkisliefdevol.nl\/index.php\/wp-json\/wp\/v2\/pages\/138","targetHints":{"allow":["GET"]}}],"collection":[{"href":"https:\/\/christelijkisliefdevol.nl\/index.php\/wp-json\/wp\/v2\/pages"}],"about":[{"href":"https:\/\/christelijkisliefdevol.nl\/index.php\/wp-json\/wp\/v2\/types\/page"}],"author":[{"embeddable":true,"href":"https:\/\/christelijkisliefdevol.nl\/index.php\/wp-json\/wp\/v2\/users\/1"}],"replies":[{"embeddable":true,"href":"https:\/\/christelijkisliefdevol.nl\/index.php\/wp-json\/wp\/v2\/comments?post=138"}],"version-history":[{"count":50,"href":"https:\/\/christelijkisliefdevol.nl\/index.php\/wp-json\/wp\/v2\/pages\/138\/revisions"}],"predecessor-version":[{"id":1629,"href":"https:\/\/christelijkisliefdevol.nl\/index.php\/wp-json\/wp\/v2\/pages\/138\/revisions\/1629"}],"wp:attachment":[{"href":"https:\/\/christelijkisliefdevol.nl\/index.php\/wp-json\/wp\/v2\/media?parent=138"}],"curies":[{"name":"wp","href":"https:\/\/api.w.org\/{rel}","templated":true}]}}