{"id":1578,"date":"2022-01-16T12:19:23","date_gmt":"2022-01-16T11:19:23","guid":{"rendered":"https:\/\/christelijkisliefdevol.nl\/?page_id=1578"},"modified":"2023-10-16T08:48:08","modified_gmt":"2023-10-16T06:48:08","slug":"filmpjes-2022","status":"publish","type":"page","link":"https:\/\/christelijkisliefdevol.nl\/index.php\/filmpjes-2022\/","title":{"rendered":"2022"},"content":{"rendered":"\n<p class=\"has-text-color\" style=\"color:#244802;font-size:17px\">Het beeldmateriaal is volledig uit openbare delen van het internet.<\/p>\n\n\n\n<p class=\"has-text-color\" style=\"color:#244802;font-size:17px\">Wegens de directe relatie met een bepaald motto is de aanduiding van een video op deze website anders dan de titel van de betreffende video op het openbare deel van het internet.<\/p>\n\n\n\n<p class=\"has-text-color\" style=\"color:#244802;font-size:17px\">Klik hieronder op \u00e9\u00e9n van de groene knoppen om de video af te spelen die bij \u00e9\u00e9n van de motto&#8217;s van 2022 hoort.<br>De gekozen video wordt in een nieuw venster afgespeeld.<\/p>\n\n\n\n<p class=\"has-text-color\" style=\"color:#244802;font-size:17px\">Om naar deze pagina terug te keren, hoeft u alleen dat nieuwe venster af te sluiten door op het <em>x <\/em>teken van het nieuwe venster te klikken.<\/p>\n\n\n\n<div class=\"wp-block-buttons is-layout-flex wp-block-buttons-is-layout-flex\">\n<div class=\"wp-block-button\"><a class=\"wp-block-button__link has-text-color has-background wp-element-button\" href=\"https:\/\/www.youtube.com\/watch?v=PI9ixZnxNno\" style=\"border-radius:50px;color:#f6fafc;background-color:#2e6c11\" target=\"_blank\" rel=\"noreferrer noopener\">Motto 47: Maarten luther, de reformator, geciteerd; rekening houden met de ander, voor die ander<\/a><\/div>\n<\/div>\n\n\n\n<div class=\"wp-block-buttons is-layout-flex wp-block-buttons-is-layout-flex\">\n<div class=\"wp-block-button\"><a class=\"wp-block-button__link has-text-color has-background wp-element-button\" href=\"https:\/\/www.youtube.com\/watch?v=qUAww3vndAk\" style=\"border-radius:50px;color:#f6fafc;background-color:#2e6c11\" target=\"_blank\" rel=\"noreferrer noopener\">Motto 48: Vredeswens gaat van je uit; maak het gebaar<\/a><\/div>\n<\/div>\n\n\n\n<div class=\"wp-block-buttons is-layout-flex wp-block-buttons-is-layout-flex\">\n<div class=\"wp-block-button\"><a class=\"wp-block-button__link has-text-color has-background wp-element-button\" href=\"https:\/\/www.youtube.com\/watch?v=1ZQAndvJ6rg\" style=\"border-radius:50px;color:#f6fafc;background-color:#2e6c11\" target=\"_blank\" rel=\"noreferrer noopener\">Motto 49: Een onverwacht, krachtig gebaar van goedheid en vergevingsgezindheid<\/a><\/div>\n<\/div>\n\n\n\n<div class=\"wp-block-buttons is-layout-flex wp-block-buttons-is-layout-flex\">\n<div class=\"wp-block-button\"><a class=\"wp-block-button__link has-text-color has-background wp-element-button\" href=\"https:\/\/www.youtube.com\/watch?v=tThDGIArVyU\" style=\"border-radius:50px;color:#f6fafc;background-color:#2e6c11\" target=\"_blank\" rel=\"noreferrer noopener\">Motto 50: Stad van God, stad van vrede<\/a><\/div>\n<\/div>\n\n\n\n<div class=\"wp-block-buttons is-layout-flex wp-block-buttons-is-layout-flex\">\n<div class=\"wp-block-button\"><a class=\"wp-block-button__link has-text-color has-background wp-element-button\" href=\"https:\/\/www.eo.nl\/programmas\/de-vrouwen-van-jezus-in-de-21e-eeuw\" style=\"border-radius:100px;color:#f6fafc;background-color:#2e6c11\" target=\"_blank\" rel=\"noreferrer noopener\">Motto 51: Vier vrouwen met een uitgesproken mening over verhouding christendom en vrouw<\/a><\/div>\n<\/div>\n\n\n\n<div class=\"wp-block-buttons is-layout-flex wp-block-buttons-is-layout-flex\">\n<div class=\"wp-block-button\"><a class=\"wp-block-button__link has-text-color has-background wp-element-button\" href=\"https:\/\/www.youtube.com\/watch?v=cLx6crwrce8\" style=\"border-radius:50px;color:#f6fafc;background-color:#2e6c11\" target=\"_blank\" rel=\"noreferrer noopener\">Motto 52: Sta er eens bij stil: zij zijn noodgedwongen op weg<\/a><\/div>\n<\/div>\n","protected":false},"excerpt":{"rendered":"<p>Het beeldmateriaal is volledig uit openbare delen van het internet. Wegens de directe relatie met een bepaald motto is de aanduiding van een video op deze website anders dan de titel van de betreffende video op het openbare deel van het internet. Klik hieronder op \u00e9\u00e9n van de groene knoppen om de video af te&hellip;&nbsp;<a href=\"https:\/\/christelijkisliefdevol.nl\/index.php\/filmpjes-2022\/\" rel=\"bookmark\">Lees verder &raquo;<span class=\"screen-reader-text\">2022<\/span><\/a><\/p>\n","protected":false},"author":1,"featured_media":0,"parent":0,"menu_order":60,"comment_status":"closed","ping_status":"closed","template":"","meta":{"neve_meta_sidebar":"full-width","neve_meta_container":"","neve_meta_enable_content_width":"on","neve_meta_content_width":100,"neve_meta_title_alignment":"","neve_meta_author_avatar":"","neve_post_elements_order":"","neve_meta_disable_header":"","neve_meta_disable_footer":"","neve_meta_disable_title":"","footnotes":""},"class_list":["post-1578","page","type-page","status-publish","hentry"],"_links":{"self":[{"href":"https:\/\/christelijkisliefdevol.nl\/index.php\/wp-json\/wp\/v2\/pages\/1578","targetHints":{"allow":["GET"]}}],"collection":[{"href":"https:\/\/christelijkisliefdevol.nl\/index.php\/wp-json\/wp\/v2\/pages"}],"about":[{"href":"https:\/\/christelijkisliefdevol.nl\/index.php\/wp-json\/wp\/v2\/types\/page"}],"author":[{"embeddable":true,"href":"https:\/\/christelijkisliefdevol.nl\/index.php\/wp-json\/wp\/v2\/users\/1"}],"replies":[{"embeddable":true,"href":"https:\/\/christelijkisliefdevol.nl\/index.php\/wp-json\/wp\/v2\/comments?post=1578"}],"version-history":[{"count":21,"href":"https:\/\/christelijkisliefdevol.nl\/index.php\/wp-json\/wp\/v2\/pages\/1578\/revisions"}],"predecessor-version":[{"id":1986,"href":"https:\/\/christelijkisliefdevol.nl\/index.php\/wp-json\/wp\/v2\/pages\/1578\/revisions\/1986"}],"wp:attachment":[{"href":"https:\/\/christelijkisliefdevol.nl\/index.php\/wp-json\/wp\/v2\/media?parent=1578"}],"curies":[{"name":"wp","href":"https:\/\/api.w.org\/{rel}","templated":true}]}}