{"id":2285,"date":"2024-11-14T09:12:14","date_gmt":"2024-11-14T08:12:14","guid":{"rendered":"https:\/\/christelijkisliefdevol.nl\/?page_id=2285"},"modified":"2025-03-30T16:48:50","modified_gmt":"2025-03-30T14:48:50","slug":"de-weg","status":"publish","type":"page","link":"https:\/\/christelijkisliefdevol.nl\/index.php\/de-weg\/","title":{"rendered":"De Weg"},"content":{"rendered":"\n<p class=\"has-text-color has-link-color wp-elements-6e9d4ba39a4e95c86eacba737e27625d\" style=\"color:#244802;font-size:17px\"><br><em>De christelijke leer, die liefdevol maakt, hierna uiteengezet op basis van uitspraken van Jezus van Nazareth:<\/em><\/p>\n\n\n\n<p class=\"has-text-color has-link-color wp-elements-fa25027a66791f4a62d82e6b0c419068\" style=\"color:#244802;font-size:17px\">\u201dJezus zei: \u2018Wat Ik onderwijs heb Ik niet van mijzelf, maar van Hem die Mij gezonden heeft.\u201d, volgens Johannes 7: 16, NBV21.<\/p>\n\n\n\n<p class=\"has-text-color has-link-color wp-elements-064666d44168312c1b351e4d506005b9\" style=\"color:#244802;font-size:17px\">&nbsp;&#8220;Toen zei Jezus tegen hem: Ga weg, satan, want er staat geschreven: De Heere, uw God, zult u aanbidden en Hem alleen dienen.\u201d, volgens Matthe\u00fcs 4: 10, HSV.<\/p>\n\n\n\n<p class=\"has-text-color has-link-color wp-elements-63d5dfdb134d79710aab3c14a7fbce89\" style=\"color:#244802;font-size:17px\">&#8220;Toen kwam Petrus bij Hem en zei: \u2018Heer, hoe vaak moet ik mijn broeder vergeven als hij mij iets misdoet? Tot zeven keer toe?\u2019 Jezus zei hem: \u2018Niet tot zeven keer toe, zeg Ik je, maar tot zeventig maal zeven keer toe.&#8221;, volgens Matte\u00fcs 18: 21-22, WV.<\/p>\n\n\n\n<p class=\"has-text-color has-link-color wp-elements-7b1fa9d47aea0aa045df40ebc3c271cb\" style=\"color:#244802;font-size:17px\">\u201cWanneer je staat te bidden en je hebt een ander iets te verwijten, vergeef hem dan, opdat ook jullie Vader in de hemel jullie je misstappen vergeeft.\u2019\u201d, volgens Marcus 11: 25, NBV21.<\/p>\n\n\n\n<p class=\"has-text-color has-link-color wp-elements-ea97d5479541aa3fe0102647704580c8\" style=\"color:#244802;font-size:17px\">&#8220;Kijk goed uit! Als je broeder zondigt, wijs hem dan terecht, en als hij zich bekeert, vergeef hem dan.&nbsp; Als hij zevenmaal op een dag tegen je zou zondigen en zevenmaal tegen je komt zeggen: \u201cIk heb er spijt van\u201d, dan moet je hem vergeven.\u2019&#8221;, volgens Lucas 17: 3-4, WV.<\/p>\n\n\n\n<p class=\"has-text-color has-link-color wp-elements-f6c62a303ca06649999c88505bc7509e\" style=\"color:#244802;font-size:17px\">&#8220;Want als u de mensen hun overtredingen vergeeft, zal uw hemelse Vader u ook vergeven. Maar als u de mensen hun overtredingen niet vergeeft, zal uw Vader uw overtredingen ook niet vergeven.&#8221;, volgens Matthe\u00fcs 6: 14-15, HSV.<\/p>\n\n\n\n<p class=\"has-text-color has-link-color wp-elements-5d275acf3654019bb42091b93e42d382\" style=\"color:#244802;font-size:17px\">&#8220;Oordeel niet, opdat u niet geoordeeld wordt; want met het oordeel waarmee u oordeelt, zult u <em>zelf<\/em> geoordeeld worden; en met welke maat u meet, zal er bij u ook gemeten worden.&#8221;, volgens Matthe\u00fcs 7: 1-2, HSV.<\/p>\n\n\n\n<p class=\"has-text-color has-link-color wp-elements-60b5b3e00eca13cf9405397b14e41d83\" style=\"color:#244802;font-size:17px\">\u201cWelnu, behandel de mensen in alles zoals je wilt dat ze jullie behandelen. Want dat is de Wet en de Profeten.\u201d, volgens Matte\u00fcs 7: 12, WV.<\/p>\n\n\n\n<p class=\"has-text-color has-link-color wp-elements-0612e7969d39d62b0c9ffbcc69054fa3\" style=\"color:#244802;font-size:17px\">\u201dNiet iedereen die \u201cHeer, Heer\u201d tegen Mij zegt, zal het koninkrijk van de hemel binnengaan, alleen wie handelt naar de wil van mijn hemelse Vader.&#8221;, volgens Matte\u00fcs 7: 21, NBV21.<\/p>\n\n\n\n<p class=\"has-text-color has-link-color wp-elements-091cfd4d44440382cd09016cba95a6ed\" style=\"color:#244802;font-size:17px\">\u201cJezus gaf hun ten antwoord: \u2018Dit werk vraagt God van u: dat u gelooft in Hem die Hij gezonden heeft.\u2019\u201d, volgens Johannes 6: 29, WV.<\/p>\n\n\n\n<p class=\"has-text-color has-link-color wp-elements-b4afad63b55e0635d5a909a330912cad\" style=\"color:#244802;font-size:17px\">\u201cEn dit is de wil van Hem Die Mij gezonden heeft, dat ieder die de Zoon ziet en in Hem gelooft, eeuwig leven heeft, en Ik zal hem doen opstaan op de laatste dag.\u201d, volgens Johannes 6: 40, HSV.<\/p>\n\n\n\n<p class=\"has-text-color has-link-color wp-elements-2e10b75038dd97484314cd04d87f2ff9\" style=\"color:#244802;font-size:17px\">\u201cHij riep een kind bij zich, zette het in hun midden neer en zei: \u2018Ik verzeker jullie: als je niet verandert en wordt als een kind, dan zul je het koninkrijk van de hemel zeker niet binnengaan.&#8221;,&nbsp; volgens Matte\u00fcs 18: 2-3, NBV21.<\/p>\n\n\n\n<p class=\"has-text-color has-link-color wp-elements-01599a7c08663b05c9aa51218b5cb780\" style=\"color:#244802;font-size:17px\">&#8220;Hij antwoordde: \u2018Waarom vraagt u Me naar het goede? Er is er maar \u00e9\u00e9n die goed is. Als u het leven wilt binnengaan, houd u dan aan zijn geboden.\u2019 \u2018Welke?\u2019 vroeg hij. \u2018Deze,\u2019 antwoordde Jezus, \u2018pleeg geen moord, pleeg geen overspel, steel niet, leg geen vals getuigenis af, toon eerbied voor uw vader en moeder, en ook: heb uw naaste lief als uzelf.\u2019 (&#8230;) Jezus antwoordde hem: \u2018Als u volmaakt wilt zijn, ga dan naar huis, verkoop alles wat u bezit en geef de opbrengst aan de armen; dan zult u een schat in de hemel bezitten. Kom daarna terug en volg Mij.\u2019\u201d, volgens Matte\u00fcs 19: 17-21, NBV21.<\/p>\n\n\n\n<p class=\"has-text-color has-link-color wp-elements-c4e7598b40710303e8e877b801364944\" style=\"color:#244802;font-size:17px\">\u201c(&#8230;) een van de schriftgeleerden (&#8230;), kwam naar Hem toe en vroeg Hem: Wat is het eerste van alle geboden?<br>En Jezus antwoordde hem: Het eerste van alle geboden is: Luister, Isra\u00ebl! De Heere, onze God, de Heere is \u00e9\u00e9n.<br>En u zult de Heere, uw God, liefhebben met heel uw hart en met heel uw ziel en met heel uw verstand en met heel uw kracht. Dit is het eerste gebod.<br>En het tweede, <em>hieraan<\/em> gelijk, <em>is<\/em> dit: U zult uw naaste liefhebben als uzelf. Er is geen ander gebod groter dan deze.\u201d, volgens Markus 12: 28-31, HSV.<\/p>\n\n\n\n<p class=\"has-text-color has-link-color wp-elements-88549567d0609b7b230ebcb4159d9a30\" style=\"color:#244802;font-size:17px\">\u201cTegen jullie die naar Mij luisteren zeg Ik: heb je vijanden lief, wees goed voor wie jullie haten, zegen wie jullie vervloeken, bid voor wie jullie slecht behandelen. Als iemand je op de wang slaat, bied hem dan ook de andere wang aan, en weiger iemand die je je bovenkleed afneemt ook je onderkleed niet. Geef aan ieder die iets van je vraagt, en eis je bezit niet terug als iemand het je afneemt.\u201d, volgens Lucas 6: 27-30, NBV21.<\/p>\n\n\n\n<p class=\"has-text-color has-link-color wp-elements-44f0808b4563450ed41d80d1f5f9651c\" style=\"color:#244802;font-size:17px\">\u201cIk geef jullie een nieuw gebod: dat je elkaar liefhebt. Met de liefde die Ik jullie heb toegedragen, moeten jullie ook elkaar liefhebben.&nbsp; Daaraan zal iedereen kunnen zien dat jullie leerlingen van Mij zijn: als jullie onder elkaar de liefde bewaren.\u2019\u201d, volgens Johannes 13: 34-35, volgens WV.<\/p>\n\n\n\n<p class=\"has-text-color has-link-color wp-elements-12396c0f06f0e4174b7d36f7f955ebe1\" style=\"color:#244802;font-size:17px\">\u201cWaarom roepen jullie \u201cHeer, Heer\u201d tegen Mij, maar doen jullie niet wat Ik zeg?\u201d, volgens Lucas 6: 46, NBV21.<\/p>\n\n\n\n<p class=\"has-text-color has-link-color wp-elements-ccd47805740b235dc6ed293734ccea47\" style=\"color:#244802;font-size:17px\">&#8220;Want de Zoon des mensen zal komen in de heerlijkheid van Zijn Vader, met Zijn engelen, en dan zal Hij ieder vergelden naar zijn daden.&#8221;, volgens Matthe\u00fcs 16: 27, HSV.<\/p>\n\n\n\n<p class=\"has-text-color has-link-color wp-elements-2e959f3ddc2baf19889808ee3e9aa9d6\" style=\"color:#244802;font-size:17px\">\u201cWanneer de Zoon des mensen komen zal in Zijn heerlijkheid en al de heilige engelen met Hem, dan zal Hij zitten op de troon van Zijn heerlijkheid.<br>En v\u00f3\u00f3r Hem zullen al de volken bijeengebracht worden, en Hij zal ze van elkaar scheiden zoals de herder de schapen van de bokken scheidt. <br>En Hij zal de schapen aan Zijn rechter<em>hand<\/em> zetten, maar de bokken aan <em>Zijn<\/em> linker<em>hand<\/em>.\u201d, volgens Matthe\u00fcs 25: 31-33, HSV.<\/p>\n\n\n\n<p class=\"has-text-color has-link-color wp-elements-50e4e3c0129dbbef3a756f05c87741f0\" style=\"color:#244802;font-size:17px\">\u201cEn Hij zei tegen hen: \u2018Trek heel de wereld rond en verkondig het goede nieuws aan alle schepselen. Wie gelooft en gedoopt is zal worden gered, maar wie niet gelooft zal worden veroordeeld.&#8221;, volgens Marcus 16: 15-16, NBV21.<\/p>\n\n\n\n<p class=\"has-text-color has-link-color wp-elements-db31fdc159f4a17f82d01755022f1d5f\" style=\"color:#244802;font-size:17px\">\u201cJezus kwam op hen toe en zei: \u2018Mij is alle macht gegeven in de hemel en op de aarde. Ga, en maak alle volkeren tot leerling; doop hen in de naam van de Vader, de Zoon en de heilige Geest, en leer hun alles onderhouden wat Ik jullie geboden heb. Weet wel, Ik ben met jullie, alle dagen, tot aan de voleinding van de wereld.\u2019\u201d, volgens Matte\u00fcs 28: 18-20, WV.<\/p>\n\n\n\n<p class=\"has-text-color has-link-color wp-elements-be6f43174f59ba068d9664bcfb4f3c80\" style=\"color:#244802;font-size:17px\">.<\/p>\n\n\n\n<p class=\"has-text-color has-link-color wp-elements-be6f43174f59ba068d9664bcfb4f3c80\" style=\"color:#244802;font-size:17px\">.<\/p>\n\n\n\n<p><\/p>\n","protected":false},"excerpt":{"rendered":"<p>De christelijke leer, die liefdevol maakt, hierna uiteengezet op basis van uitspraken van Jezus van Nazareth: \u201dJezus zei: \u2018Wat Ik onderwijs heb Ik niet van mijzelf, maar van Hem die Mij gezonden heeft.\u201d, volgens Johannes 7: 16, NBV21. &nbsp;&#8220;Toen zei Jezus tegen hem: Ga weg, satan, want er staat geschreven: De Heere, uw God, zult&hellip;&nbsp;<a href=\"https:\/\/christelijkisliefdevol.nl\/index.php\/de-weg\/\" rel=\"bookmark\">Lees verder &raquo;<span class=\"screen-reader-text\">De Weg<\/span><\/a><\/p>\n","protected":false},"author":1,"featured_media":0,"parent":0,"menu_order":3,"comment_status":"closed","ping_status":"closed","template":"","meta":{"neve_meta_sidebar":"","neve_meta_container":"","neve_meta_enable_content_width":"","neve_meta_content_width":0,"neve_meta_title_alignment":"","neve_meta_author_avatar":"","neve_post_elements_order":"","neve_meta_disable_header":"","neve_meta_disable_footer":"","neve_meta_disable_title":"","footnotes":""},"class_list":["post-2285","page","type-page","status-publish","hentry"],"_links":{"self":[{"href":"https:\/\/christelijkisliefdevol.nl\/index.php\/wp-json\/wp\/v2\/pages\/2285","targetHints":{"allow":["GET"]}}],"collection":[{"href":"https:\/\/christelijkisliefdevol.nl\/index.php\/wp-json\/wp\/v2\/pages"}],"about":[{"href":"https:\/\/christelijkisliefdevol.nl\/index.php\/wp-json\/wp\/v2\/types\/page"}],"author":[{"embeddable":true,"href":"https:\/\/christelijkisliefdevol.nl\/index.php\/wp-json\/wp\/v2\/users\/1"}],"replies":[{"embeddable":true,"href":"https:\/\/christelijkisliefdevol.nl\/index.php\/wp-json\/wp\/v2\/comments?post=2285"}],"version-history":[{"count":20,"href":"https:\/\/christelijkisliefdevol.nl\/index.php\/wp-json\/wp\/v2\/pages\/2285\/revisions"}],"predecessor-version":[{"id":2669,"href":"https:\/\/christelijkisliefdevol.nl\/index.php\/wp-json\/wp\/v2\/pages\/2285\/revisions\/2669"}],"wp:attachment":[{"href":"https:\/\/christelijkisliefdevol.nl\/index.php\/wp-json\/wp\/v2\/media?parent=2285"}],"curies":[{"name":"wp","href":"https:\/\/api.w.org\/{rel}","templated":true}]}}