{"id":410,"date":"2020-09-05T14:09:29","date_gmt":"2020-09-05T12:09:29","guid":{"rendered":"https:\/\/christelijkisliefdevol.nl\/?page_id=410"},"modified":"2023-03-21T15:35:56","modified_gmt":"2023-03-21T14:35:56","slug":"beeldmateriaal-per-motto-van-2019","status":"publish","type":"page","link":"https:\/\/christelijkisliefdevol.nl\/index.php\/beeldmateriaal-per-motto-van-2019\/","title":{"rendered":"2019"},"content":{"rendered":"\n<p class=\"has-text-color\" style=\"color:#244802;font-size:17px\">Het beeldmateriaal is volledig uit openbare delen van het internet.<br><br>Wegens de directe relatie met een bepaald motto is de aanduiding van een video op deze website anders dan de titel van de betreffende video op het openbare deel van het internet.<br><br>Klik hieronder op \u00e9\u00e9n van de groene knoppen om de video af te spelen die bij \u00e9\u00e9n van de twaalf motto&#8217;s van 2019 hoort; de knop van video motto 17 is tijdelijk verwijderd.<br>De gekozen video wordt in een nieuw venster afgespeeld.<br><br>Om naar deze pagina terug te keren, hoeft u alleen dat nieuwe venster af te sluiten door op het <em>x<\/em> teken van het nieuwe venster te klikken.<\/p>\n\n\n\n<div class=\"wp-block-buttons is-layout-flex wp-block-buttons-is-layout-flex\">\n<div class=\"wp-block-button\"><a class=\"wp-block-button__link has-text-color has-background wp-element-button\" href=\"https:\/\/www.youtube.com\/watch?v=KwcIkBJfOYI\" style=\"border-radius:50px;color:#f6fafc;background-color:#2e6c11\" target=\"_blank\" rel=\"noreferrer noopener\">Motto 11: Pleidooi voor een talentenjacht; een aanmoediging, een stimulans<\/a><\/div>\n<\/div>\n\n\n\n<div class=\"wp-block-buttons is-layout-flex wp-block-buttons-is-layout-flex\">\n<div class=\"wp-block-button\"><a class=\"wp-block-button__link has-text-color has-background wp-element-button\" href=\"https:\/\/www.youtube.com\/watch?v=-2zZpCyeWnk\" style=\"border-radius:50px;color:#f6fafc;background-color:#2e6c11\" target=\"_blank\" rel=\"noreferrer noopener\">Motto 12: Kinderen in verre landen financieel ondersteunen<\/a><\/div>\n<\/div>\n\n\n\n<div class=\"wp-block-buttons is-layout-flex wp-block-buttons-is-layout-flex\">\n<div class=\"wp-block-button\"><a class=\"wp-block-button__link has-text-color has-background wp-element-button\" href=\"https:\/\/www.youtube.com\/watch?v=MeQnrLxYqxQ\" style=\"border-radius:50px;color:#f6fafc;background-color:#2e6c11\" target=\"_blank\" rel=\"noreferrer noopener\">Motto 13: Tweevoudige uitdaging in de Veertigdagentijd; minder \u00e8n meer<\/a><\/div>\n<\/div>\n\n\n\n<div class=\"wp-block-buttons is-layout-flex wp-block-buttons-is-layout-flex\">\n<div class=\"wp-block-button\"><a class=\"wp-block-button__link has-text-color has-background wp-element-button\" href=\"https:\/\/www.youtube.com\/watch?v=wn2_QopRruk\" style=\"border-radius:50px;color:#f6fafc;background-color:#2e6c11\" target=\"_blank\" rel=\"noreferrer noopener\">Motto 14: Vertrouw op God<\/a><\/div>\n<\/div>\n\n\n\n<div class=\"wp-block-buttons is-layout-flex wp-block-buttons-is-layout-flex\">\n<div class=\"wp-block-button\"><a class=\"wp-block-button__link has-text-color has-background wp-element-button\" href=\"https:\/\/www.youtube.com\/watch?v=DFF9d4shIOk\" style=\"border-radius:50px;color:#f6fafc;background-color:#2e6c11\" target=\"_blank\" rel=\"noreferrer noopener\">Motto 15: De blijde boodschap verkondigen<\/a><\/div>\n<\/div>\n\n\n\n<div class=\"wp-block-buttons is-layout-flex wp-block-buttons-is-layout-flex\">\n<div class=\"wp-block-button\"><a class=\"wp-block-button__link has-text-color has-background wp-element-button\" href=\"https:\/\/www.youtube.com\/watch?v=U8cBe-7mU-Q\" style=\"border-radius:50px;color:#f6fafc;background-color:#2e6c11\" target=\"_blank\" rel=\"noreferrer noopener\">Motto 16: Een anonieme geefster wil ook aandacht schenken<\/a><\/div>\n<\/div>\n\n\n\n<div class=\"wp-block-buttons is-layout-flex wp-block-buttons-is-layout-flex\"><\/div>\n\n\n\n<div class=\"wp-block-buttons is-layout-flex wp-block-buttons-is-layout-flex\">\n<div class=\"wp-block-button\"><a class=\"wp-block-button__link has-text-color has-background wp-element-button\" href=\"https:\/\/www.youtube.com\/watch?v=e43dKQq4Js8\" style=\"border-radius:50px;color:#f6fafc;background-color:#2e6c11\" target=\"_blank\" rel=\"noreferrer noopener\">Motto 18: Je oude fiets helpt een ander op weg<\/a><\/div>\n<\/div>\n\n\n\n<div class=\"wp-block-buttons is-layout-flex wp-block-buttons-is-layout-flex\">\n<div class=\"wp-block-button\"><a class=\"wp-block-button__link has-text-color has-background wp-element-button\" href=\"https:\/\/www.youtube.com\/watch?v=BO7yo5Uv5_Y\" style=\"border-radius:50px;color:#f6fafc;background-color:#2e6c11\" target=\"_blank\" rel=\"noreferrer noopener\">Motto 19: Van afkeer tot inkeer, ook tot vreugde van anderen<\/a><\/div>\n<\/div>\n\n\n\n<div class=\"wp-block-buttons is-layout-flex wp-block-buttons-is-layout-flex\">\n<div class=\"wp-block-button\"><a class=\"wp-block-button__link has-text-color has-background wp-element-button\" href=\"https:\/\/www.youtube.com\/watch?v=C0_ANN3tsvo\" style=\"border-radius:50px;color:#f6fafc;background-color:#2e6c11\" target=\"_blank\" rel=\"noreferrer noopener\">Motto 20: Goede hoop hebben<\/a><\/div>\n<\/div>\n\n\n\n<div class=\"wp-block-buttons is-layout-flex wp-block-buttons-is-layout-flex\">\n<div class=\"wp-block-button\"><a class=\"wp-block-button__link has-text-color has-background wp-element-button\" href=\"https:\/\/www.youtube.com\/watch?v=__gGain8P7s#t=99s\" style=\"border-radius:50px;color:#f6fafc;background-color:#2e6c11\" target=\"_blank\" rel=\"noreferrer noopener\">Motto 21: Geloofsgemeenschap, dienstbaarheid en dienstbetoon<\/a><\/div>\n<\/div>\n\n\n\n<div class=\"wp-block-buttons is-layout-flex wp-block-buttons-is-layout-flex\">\n<div class=\"wp-block-button\"><a class=\"wp-block-button__link has-text-color has-background wp-element-button\" href=\"https:\/\/www.youtube.com\/watch?v=Ndqf8BW1zfw\" style=\"border-radius:50px;color:#f6fafc;background-color:#2e6c11\" target=\"_blank\" rel=\"noreferrer noopener\">Motto 22: Ver weg, maar toch in het zicht houden<\/a><\/div>\n<\/div>\n\n\n\n<p><\/p>\n","protected":false},"excerpt":{"rendered":"<p>Het beeldmateriaal is volledig uit openbare delen van het internet. Wegens de directe relatie met een bepaald motto is de aanduiding van een video op deze website anders dan de titel van de betreffende video op het openbare deel van het internet. Klik hieronder op \u00e9\u00e9n van de groene knoppen om de video af te&hellip;&nbsp;<a href=\"https:\/\/christelijkisliefdevol.nl\/index.php\/beeldmateriaal-per-motto-van-2019\/\" rel=\"bookmark\">Lees verder &raquo;<span class=\"screen-reader-text\">2019<\/span><\/a><\/p>\n","protected":false},"author":1,"featured_media":0,"parent":0,"menu_order":40,"comment_status":"closed","ping_status":"closed","template":"","meta":{"neve_meta_sidebar":"full-width","neve_meta_container":"","neve_meta_enable_content_width":"on","neve_meta_content_width":100,"neve_meta_title_alignment":"","neve_meta_author_avatar":"","neve_post_elements_order":"","neve_meta_disable_header":"","neve_meta_disable_footer":"","neve_meta_disable_title":"","footnotes":""},"class_list":["post-410","page","type-page","status-publish","hentry"],"_links":{"self":[{"href":"https:\/\/christelijkisliefdevol.nl\/index.php\/wp-json\/wp\/v2\/pages\/410","targetHints":{"allow":["GET"]}}],"collection":[{"href":"https:\/\/christelijkisliefdevol.nl\/index.php\/wp-json\/wp\/v2\/pages"}],"about":[{"href":"https:\/\/christelijkisliefdevol.nl\/index.php\/wp-json\/wp\/v2\/types\/page"}],"author":[{"embeddable":true,"href":"https:\/\/christelijkisliefdevol.nl\/index.php\/wp-json\/wp\/v2\/users\/1"}],"replies":[{"embeddable":true,"href":"https:\/\/christelijkisliefdevol.nl\/index.php\/wp-json\/wp\/v2\/comments?post=410"}],"version-history":[{"count":37,"href":"https:\/\/christelijkisliefdevol.nl\/index.php\/wp-json\/wp\/v2\/pages\/410\/revisions"}],"predecessor-version":[{"id":1898,"href":"https:\/\/christelijkisliefdevol.nl\/index.php\/wp-json\/wp\/v2\/pages\/410\/revisions\/1898"}],"wp:attachment":[{"href":"https:\/\/christelijkisliefdevol.nl\/index.php\/wp-json\/wp\/v2\/media?parent=410"}],"curies":[{"name":"wp","href":"https:\/\/api.w.org\/{rel}","templated":true}]}}