{"id":414,"date":"2020-09-05T14:10:08","date_gmt":"2020-09-05T12:10:08","guid":{"rendered":"https:\/\/christelijkisliefdevol.nl\/?page_id=414"},"modified":"2026-03-29T12:23:15","modified_gmt":"2026-03-29T10:23:15","slug":"beeldmateriaal-per-motto-van-2020","status":"publish","type":"page","link":"https:\/\/christelijkisliefdevol.nl\/index.php\/beeldmateriaal-per-motto-van-2020\/","title":{"rendered":"2020"},"content":{"rendered":"\n<p class=\"has-text-color\" style=\"color:#244802;font-size:17px\">Het beeldmateriaal is volledig uit openbare delen van het internet.<br><br>Wegens de directe relatie met een bepaald motto is de aanduiding van een video op deze website anders dan de titel van de betreffende video op het openbare deel van het internet.<br><br>Klik hieronder op \u00e9\u00e9n van de groene knoppen om de video af te spelen die bij \u00e9\u00e9n van de twaalf motto&#8217;s van 2020 hoort; de knop van video motto 25 is tijdelijk verwijderd.<br>De gekozen video wordt in een nieuw venster afgespeeld.<br><br>Om naar deze pagina terug te keren, hoeft u alleen dat nieuwe venster af te sluiten door op het <em>x<\/em> teken van het nieuwe venster te klikken.<\/p>\n\n\n\n<div class=\"wp-block-buttons is-layout-flex wp-block-buttons-is-layout-flex\">\n<div class=\"wp-block-button\"><a class=\"wp-block-button__link has-text-color has-background wp-element-button\" href=\"https:\/\/www.youtube.com\/watch?v=RGeG2hToB2w\" style=\"border-radius:50px;color:#f6fafc;background-color:#2e6c11\" target=\"_blank\" rel=\"noreferrer noopener\">Motto 23: Veroordeeld, toch welkom in de kerk<\/a><\/div>\n<\/div>\n\n\n\n<div class=\"wp-block-buttons is-layout-flex wp-block-buttons-is-layout-flex\">\n<div class=\"wp-block-button\"><a class=\"wp-block-button__link has-text-color has-background wp-element-button\" href=\"https:\/\/www.youtube.com\/watch?v=dNlASi-_pHU\" style=\"border-radius:50px;color:#f6fafc;background-color:#2e6c11\" target=\"_blank\" rel=\"noreferrer noopener\">Motto 24: Weduwe verwelkomt genodigden<\/a><\/div>\n<\/div>\n\n\n\n<div class=\"wp-block-buttons is-layout-flex wp-block-buttons-is-layout-flex\"><\/div>\n\n\n\n<div class=\"wp-block-buttons is-layout-flex wp-block-buttons-is-layout-flex\">\n<div class=\"wp-block-button\"><a class=\"wp-block-button__link has-text-color has-background wp-element-button\" href=\"https:\/\/www.youtube.com\/watch?v=9Cxcqu3U5Hc\" style=\"border-radius:50px;color:#f6fafc;background-color:#2e6c11\" target=\"_blank\" rel=\"noreferrer noopener\">Motto 26: Een lied ter bemoediging<\/a><\/div>\n<\/div>\n\n\n\n<div class=\"wp-block-buttons is-layout-flex wp-block-buttons-is-layout-flex\">\n<div class=\"wp-block-button\"><a class=\"wp-block-button__link has-text-color has-background wp-element-button\" href=\"https:\/\/www.youtube.com\/watch?v=iv5uFhwOZHA\" style=\"border-radius:50px;color:#f6fafc;background-color:#2e6c11\" target=\"_blank\" rel=\"noreferrer noopener\">Motto 27: Van geen ophouden willen weten<\/a><\/div>\n<\/div>\n\n\n\n<div class=\"wp-block-buttons is-layout-flex wp-block-buttons-is-layout-flex\">\n<div class=\"wp-block-button\"><a class=\"wp-block-button__link has-text-color has-background wp-element-button\" href=\"https:\/\/www.youtube.com\/watch?v=UwhEwN3Gflw\" style=\"border-radius:50px;color:#f6fafc;background-color:#2e6c11\" target=\"_blank\" rel=\"noreferrer noopener\">Motto 28: In wittebroodsweken voor anderen op pad<\/a><\/div>\n<\/div>\n\n\n\n<div class=\"wp-block-buttons is-layout-flex wp-block-buttons-is-layout-flex\">\n<div class=\"wp-block-button\"><a class=\"wp-block-button__link has-text-color has-background wp-element-button\" href=\"https:\/\/www.youtube.com\/watch?v=2Zx_FKu-Qjg\" style=\"border-radius:50px;color:#f6fafc;background-color:#2e6c11\" target=\"_blank\" rel=\"noreferrer noopener\">Motto 29: Bejaarden krijgen aandacht van de jeugd<\/a><\/div>\n<\/div>\n\n\n\n<div class=\"wp-block-buttons is-layout-flex wp-block-buttons-is-layout-flex\">\n<div class=\"wp-block-button\"><a class=\"wp-block-button__link has-text-color has-background wp-element-button\" href=\"https:\/\/www.youtube.com\/watch?v=jEJZremqu0Q\" style=\"border-radius:50px;color:#f6fafc;background-color:#2e6c11\" target=\"_blank\" rel=\"noreferrer noopener\">Motto 30: Leergierige jeugd wacht op je verhaal<\/a><\/div>\n<\/div>\n\n\n\n<div class=\"wp-block-buttons is-layout-flex wp-block-buttons-is-layout-flex\">\n<div class=\"wp-block-button\"><a class=\"wp-block-button__link has-text-color has-background wp-element-button\" href=\"https:\/\/www.youtube.com\/watch?v=37JkuLFZlJ4\" style=\"border-radius:50px;color:#f6fafc;background-color:#2e6c11\" target=\"_blank\" rel=\"noreferrer noopener\">Motto 31: De twijfel ervaren en die achter je laten<\/a><\/div>\n<\/div>\n\n\n\n<div class=\"wp-block-buttons is-layout-flex wp-block-buttons-is-layout-flex\">\n<div class=\"wp-block-button\"><a class=\"wp-block-button__link has-text-color has-background wp-element-button\" href=\"https:\/\/www.youtube.com\/watch?v=6jnj0ZnURbY\" style=\"border-radius:50px;color:#f6fafc;background-color:#2e6c11\" target=\"_blank\" rel=\"noreferrer noopener\">Motto 32: Een veelgestelde retorische vraag<\/a><\/div>\n<\/div>\n\n\n\n<div class=\"wp-block-buttons is-layout-flex wp-block-buttons-is-layout-flex\">\n<div class=\"wp-block-button\"><a class=\"wp-block-button__link has-text-color has-background wp-element-button\" href=\"https:\/\/www.kro-ncrv.nl\/jurjen-de-groot-kreeg-een-teken-dat-gods-woord-standhoudt\" style=\"border-radius:50px;color:#f6fafc;background-color:#2e6c11\" target=\"_blank\" rel=\"noreferrer noopener\">Motto 33: Slachtoffers en daders vieren broederlijk avondmaal<\/a><\/div>\n<\/div>\n\n\n\n<div class=\"wp-block-buttons is-layout-flex wp-block-buttons-is-layout-flex\">\n<div class=\"wp-block-button\"><a class=\"wp-block-button__link has-text-color has-background wp-element-button\" href=\"https:\/\/www.youtube.com\/watch?v=nS4wJwUYEVo\" style=\"border-radius:50px;color:#f6fafc;background-color:#2e6c11\" target=\"_blank\" rel=\"noreferrer noopener\">Motto 34: De kracht van Uw liefde<\/a><\/div>\n<\/div>\n\n\n\n<p><\/p>\n","protected":false},"excerpt":{"rendered":"<p>Het beeldmateriaal is volledig uit openbare delen van het internet. Wegens de directe relatie met een bepaald motto is de aanduiding van een video op deze website anders dan de titel van de betreffende video op het openbare deel van het internet. Klik hieronder op \u00e9\u00e9n van de groene knoppen om de video af te&hellip;&nbsp;<a href=\"https:\/\/christelijkisliefdevol.nl\/index.php\/beeldmateriaal-per-motto-van-2020\/\" rel=\"bookmark\">Lees verder &raquo;<span class=\"screen-reader-text\">2020<\/span><\/a><\/p>\n","protected":false},"author":1,"featured_media":0,"parent":0,"menu_order":50,"comment_status":"closed","ping_status":"closed","template":"","meta":{"neve_meta_sidebar":"full-width","neve_meta_container":"","neve_meta_enable_content_width":"on","neve_meta_content_width":100,"neve_meta_title_alignment":"","neve_meta_author_avatar":"","neve_post_elements_order":"","neve_meta_disable_header":"","neve_meta_disable_footer":"","neve_meta_disable_title":"","footnotes":""},"class_list":["post-414","page","type-page","status-publish","hentry"],"_links":{"self":[{"href":"https:\/\/christelijkisliefdevol.nl\/index.php\/wp-json\/wp\/v2\/pages\/414","targetHints":{"allow":["GET"]}}],"collection":[{"href":"https:\/\/christelijkisliefdevol.nl\/index.php\/wp-json\/wp\/v2\/pages"}],"about":[{"href":"https:\/\/christelijkisliefdevol.nl\/index.php\/wp-json\/wp\/v2\/types\/page"}],"author":[{"embeddable":true,"href":"https:\/\/christelijkisliefdevol.nl\/index.php\/wp-json\/wp\/v2\/users\/1"}],"replies":[{"embeddable":true,"href":"https:\/\/christelijkisliefdevol.nl\/index.php\/wp-json\/wp\/v2\/comments?post=414"}],"version-history":[{"count":34,"href":"https:\/\/christelijkisliefdevol.nl\/index.php\/wp-json\/wp\/v2\/pages\/414\/revisions"}],"predecessor-version":[{"id":2791,"href":"https:\/\/christelijkisliefdevol.nl\/index.php\/wp-json\/wp\/v2\/pages\/414\/revisions\/2791"}],"wp:attachment":[{"href":"https:\/\/christelijkisliefdevol.nl\/index.php\/wp-json\/wp\/v2\/media?parent=414"}],"curies":[{"name":"wp","href":"https:\/\/api.w.org\/{rel}","templated":true}]}}