{"id":625,"date":"2020-09-14T12:32:54","date_gmt":"2020-09-14T10:32:54","guid":{"rendered":"https:\/\/christelijkisliefdevol.nl\/?page_id=625"},"modified":"2025-02-10T10:27:11","modified_gmt":"2025-02-10T09:27:11","slug":"motto-11","status":"publish","type":"page","link":"https:\/\/christelijkisliefdevol.nl\/index.php\/de-twaalf-mottos-van-2019\/motto-11\/","title":{"rendered":"Motto 11"},"content":{"rendered":"\n<p style=\"font-size:17px\"><em>Alles, wat oprecht en zonder verwijt wordt gegeven en gedaan, is dankzij God; ontdek je mogelijkheden, benut en ontplooi die<\/em><\/p>\n\n\n\n<p class=\"has-text-color\" style=\"color:#244802;font-size:17px\"><br>Dit motto is gebaseerd op onder meer de volgende bijbelverzen:<\/p>\n\n\n\n<p class=\"has-text-color\" style=\"color:#244802;font-size:17px\">&#8220;\u2018Geprezen bent U, HEER, God van onze vader Isra\u00ebl, van eeuwigheid tot in eeuwigheid. &nbsp;Aan U, HEER, behoort de grootheid en de kracht, de luister, de roem en de majesteit, want aan U, HEER, behoort alles in de hemel en op de aarde. Aan U, HEER, behoort het koningschap, aan U, die als hoofd boven alles verheven bent. Rijkdom en verhevenheid komen van U; U heerst over alles. In uw hand ligt de macht en de kracht, in uw hand ligt het om iedereen groot en sterk te maken.&nbsp; (&#8230;) Van U komt dit alles en wij schenken U slechts wat wij uit uw hand ontvangen hebben.&#8221;: Eerste boek Kronieken 29: 10-14, WV. <br><br>&#8220;\u2018Wat heb Ik aan al uw offers?\u2019 zegt de HEER (\u2026) Houd op met kwaad doen. Leer liever het goede te doen, betracht rechtvaardigheid, help de verdrukten, verschaf recht aan de wezen, verdedig de weduwen.&#8221;: Jesaja 1: 11-17, WV.<br><br>&#8220;Wee u, schriftgeleerden en Farizee\u00ebn, huichelaars, want u geeft tienden van de munt, de dille en de komijn, en u laat het belangrijkste van de Wet na: het recht, en de barmhartigheid en het geloof. Deze dingen zou men moeten doen en die andere dingen niet nalaten.&#8221;, volgens Matthe\u00fcs 23: 23, HSV.<br><br>&#8220;Want <em>het is<\/em><strong><em> <\/em><\/strong>als iemand die naar het buitenland ging, zijn eigen dienaren bij zich riep en hun zijn bezittingen toevertrouwde. En aan de \u00e9\u00e9n gaf hij vijf talenten, aan de ander twee en aan de derde \u00e9\u00e9n, ieder naar zijn bekwaamheid, en hij reisde meteen weg (&#8230;) hij die het ene ontvangen had, ging weg en groef <em>een gat<\/em><strong><em> <\/em><\/strong>in de grond en verborg het geld van zijn heer.<br>Na lange tijd kwam de heer van die dienaren terug en hield afrekening met hen. En degene die de vijf talenten ontvangen had, kwam en bracht nog vijf talenten bij hem (&#8230;) En degene die de twee talenten ontvangen had (&#8230;) zei: Heer, (&#8230;) twee andere talenten heb ik aan winst gemaakt (&#8230;) Maar hij die het ene talent ontvangen had, kwam ook en zei: Heer, (&#8230;) hier hebt u het uwe. Maar zijn heer antwoordde en zei tegen hem: Slechte en luie dienaar (&#8230;)&nbsp; Dan had u mijn geld aan de bankiers&nbsp; moeten geven, en ik zou bij mijn komst het mijne met rente teruggekregen hebben.&#8221;, volgens Matthe\u00fcs 25: 14-27, HSV.<br><br>&#8220;En Ik zeg u:&nbsp;Bid, en u zal gegeven worden; zoek, en u zult vinden; klop, en er zal voor u opengedaan worden (&#8230;) Als u die slecht bent, uw kinderen dus goede gaven weet te geven, hoeveel te meer zal de hemelse Vader de Heilige Geest geven aan hen die tot Hem bidden?&#8221;, volgens Lukas 11<strong>:<\/strong> 9-13, HSV.<br><br>&#8220;Toen verscheen de Engel van de HEERE aan hem en zei tegen hem: De HEERE is met u, strijdbare held! (&#8230;)&nbsp; Toen wendde de HEERE Zich tot hem en zei:&nbsp; Ga in deze kracht van u, en u zult Isra\u00ebl uit de hand van Midian verlossen. Heb Ik u niet gezonden?<br>Maar hij zei tegen Hem: Och, mijn heer! Waarmee zal ik Isra\u00ebl verlossen? Zie, mijn geslacht is het armste in Manasse en ik ben de jongste in mijn familie. Maar de HEERE zei tegen hem: Omdat Ik met u zal zijn, zult u Midian verslaan alsof <em>het maar<\/em><strong><em> <\/em><\/strong>\u00e9\u00e9n man was (&#8230;)&nbsp; Toen zeiden de mannen van Isra\u00ebl tegen Gideon: Heers over ons, u zowel als uw zoon en uw kleinzoon, want u hebt ons uit de hand van Midian verlost.&#8221;: Richteren 6: 12-22, HSV.<\/p>\n\n\n\n<p style=\"font-size:17px\"><br>Bijbehorend filmpje <a href=\"https:\/\/www.youtube.com\/watch?v=KwcIkBJfOYI\" target=\"_blank\" rel=\"noreferrer noopener\">Motto 11: Pleidooi voor een talentenjacht; een aanmoediging, een stimulans<\/a><\/p>\n\n\n\n<p><\/p>\n","protected":false},"excerpt":{"rendered":"<p>Alles, wat oprecht en zonder verwijt wordt gegeven en gedaan, is dankzij God; ontdek je mogelijkheden, benut en ontplooi die Dit motto is gebaseerd op onder meer de volgende bijbelverzen: &#8220;\u2018Geprezen bent U, HEER, God van onze vader Isra\u00ebl, van eeuwigheid tot in eeuwigheid. &nbsp;Aan U, HEER, behoort de grootheid en de kracht, de luister,&hellip;&nbsp;<a href=\"https:\/\/christelijkisliefdevol.nl\/index.php\/de-twaalf-mottos-van-2019\/motto-11\/\" rel=\"bookmark\">Lees verder &raquo;<span class=\"screen-reader-text\">Motto 11<\/span><\/a><\/p>\n","protected":false},"author":1,"featured_media":0,"parent":407,"menu_order":1,"comment_status":"closed","ping_status":"closed","template":"","meta":{"neve_meta_sidebar":"full-width","neve_meta_container":"","neve_meta_enable_content_width":"on","neve_meta_content_width":100,"neve_meta_title_alignment":"","neve_meta_author_avatar":"","neve_post_elements_order":"","neve_meta_disable_header":"","neve_meta_disable_footer":"","neve_meta_disable_title":"","footnotes":""},"class_list":["post-625","page","type-page","status-publish","hentry"],"_links":{"self":[{"href":"https:\/\/christelijkisliefdevol.nl\/index.php\/wp-json\/wp\/v2\/pages\/625","targetHints":{"allow":["GET"]}}],"collection":[{"href":"https:\/\/christelijkisliefdevol.nl\/index.php\/wp-json\/wp\/v2\/pages"}],"about":[{"href":"https:\/\/christelijkisliefdevol.nl\/index.php\/wp-json\/wp\/v2\/types\/page"}],"author":[{"embeddable":true,"href":"https:\/\/christelijkisliefdevol.nl\/index.php\/wp-json\/wp\/v2\/users\/1"}],"replies":[{"embeddable":true,"href":"https:\/\/christelijkisliefdevol.nl\/index.php\/wp-json\/wp\/v2\/comments?post=625"}],"version-history":[{"count":10,"href":"https:\/\/christelijkisliefdevol.nl\/index.php\/wp-json\/wp\/v2\/pages\/625\/revisions"}],"predecessor-version":[{"id":2513,"href":"https:\/\/christelijkisliefdevol.nl\/index.php\/wp-json\/wp\/v2\/pages\/625\/revisions\/2513"}],"up":[{"embeddable":true,"href":"https:\/\/christelijkisliefdevol.nl\/index.php\/wp-json\/wp\/v2\/pages\/407"}],"wp:attachment":[{"href":"https:\/\/christelijkisliefdevol.nl\/index.php\/wp-json\/wp\/v2\/media?parent=625"}],"curies":[{"name":"wp","href":"https:\/\/api.w.org\/{rel}","templated":true}]}}