{"id":738,"date":"2020-09-14T12:45:50","date_gmt":"2020-09-14T10:45:50","guid":{"rendered":"https:\/\/christelijkisliefdevol.nl\/?page_id=738"},"modified":"2025-02-10T12:28:01","modified_gmt":"2025-02-10T11:28:01","slug":"motto-28","status":"publish","type":"page","link":"https:\/\/christelijkisliefdevol.nl\/index.php\/de-elf-mottos-van-2020\/motto-28\/","title":{"rendered":"Motto 28"},"content":{"rendered":"\n<p style=\"font-size:17px\"><em>Ze zijn samen op weg; getuigen van hun geloof in Hem, doen goed voor anderen gedachtig Zijn woord (gedachte voor Pinksteren)<\/em><\/p>\n\n\n\n<p class=\"has-text-color\" style=\"color:#244802;font-size:17px\"><br>Dit motto is gebaseerd op onder meer de volgende bijbelverzen:<\/p>\n\n\n\n<p class=\"has-text-color\" style=\"color:#244802;font-size:17px\">&#8220;Je steekt een lamp niet aan om haar onder de korenmaat te zetten, maar je zet haar op de kandelaar, en dan schijnt ze voor allen in huis. Laat zo jullie licht schijnen voor de mensen, opdat ze jullie goede werken zien en jullie Vader in de hemel verheerlijken.&#8221;, volgens Matte\u00fcs 5: 15-16, WV.<br><br><strong>&#8220;<\/strong>Hierna wees de Heere nog zeventig anderen aan en zond hen twee aan twee voor Zijn aangezicht uit naar iedere stad en plaats waar Hij komen zou.<br>En welk huis u ook maar binnengaat, zeg eerst: Vrede <em>zij<\/em> dit huis!<br>En als daar een zoon van vrede is, zal uw vrede op hem rusten. Zo niet, dan zal <em>uw vrede<\/em> tot u terugkeren.<br>Blijf in dat huis en eet en drink wat <em>u<\/em> door hen <em>voorgezet wordt<\/em>, want de arbeider is zijn loon waard. Ga niet van <em>het ene<\/em> huis naar <em>het andere<\/em> huis.<br>En welke stad u ook maar binnengaat en men ontvangt u, eet wat u voorgezet wordt, genees de zieken die daar zijn, en zeg tegen hen: Het Koninkrijk van God is dicht bij u gekomen.\u201d, volgens Lukas 10: 1, 5-9, HSV.<br><br>&#8220;Eens gingen Petrus en Johannes op de gebedstijd \u2013 het negende uur \u2013 naar de tempel.&nbsp; Nu was er een man, al vanaf de moederschoot verlamd, die elke dag daarheen werd gedragen en bij de tempelingang, die de Schone heet, werd neergezet om een aalmoes te vragen aan de mensen die de tempel ingingen.<br>Toen hij Petrus en Johannes zag, die juist de tempel wilden binnengaan, vroeg hij om een aalmoes.&nbsp; Petrus keek hem doordringend aan, evenals Johannes, en zei: \u2018Kijk ons eens aan!\u2019&nbsp;Hij hield het oog op hen gericht, in de veronderstelling iets van hen te krijgen.<br>Maar Petrus zei: \u2018Zilver en goud bezit ik niet, maar wat ik heb, dat geef ik u: in naam van Jezus Christus de Nazoree\u00ebr, kom overeind en loop.\u2019&nbsp;Hij pakte hem bij zijn rechterhand en hielp hem overeind. Meteen kwam er kracht in zijn voeten en enkels;&nbsp; met een sprong ging hij staan en hij liep en hij ging met hen de tempel binnen, lopend en springend en God prijzend.&nbsp;Terwijl de man zich aan Petrus en Johannes vastklampte, dromde al het volk geschrokken bij hen samen in de zogeheten Zuilengang van Salomo.<br>Petrus zag dat en sprak daarop het volk toe: \u2018Isra\u00eblieten, waarom verwondert u zich hierover en waarom staart u ons aan als hadden wij hem uit eigen kracht of vroomheid doen lopen?<br><em>De God van Abraham en de God van Isaak en de God van Jakob, de God van onze vaderen<\/em>, heeft zijn knecht verheerlijkt, Jezus, die u hebt uitgeleverd en voor Pilatus hebt verloochend, toen die Hem wilde vrijlaten.&nbsp;De leidsman ten leven hebt u ter dood gebracht, maar God heeft Hem opgewekt uit de doden; daarvan zijn wij getuigen.&nbsp;Op grond van het vertrouwen in de naam Jezus Christus kwam er weer kracht in deze man hier, die u allen kent; dat vertrouwen heeft hem, waar u allen bij was, weer helemaal gezond gemaakt.<br>Voor u allereerst heeft God zijn knecht laten opstaan en Hem gezonden om u te zegenen, als u zich allemaal afkeert van uw kwaad.\u2019&#8221;: Handelingen 3: 1-8, 11-13, 15-16, 26, WV.<br><br>&#8220;En er waren in Antiochi\u00eb, in de gemeente aldaar, enkele profeten en leraars, namelijk Barnabas, Simeon, die Niger genoemd werd, Lucius van Cyrene, Manahen, die met Herodes, de viervorst, opgegroeid was, en Saulus.<br>En terwijl zij de Heere dienden en vastten, zei de Heilige Geest: Zonder voor Mij zowel Barnabas als Saulus af voor het werk waartoe Ik hen geroepen heb.<br>Toen vastten en baden zij, en nadat zij hun de handen opgelegd hadden, lieten zij hen gaan.<br>Zij dan, uitgezonden door de Heilige Geest, vertrokken naar Seleuci\u00eb en voeren vandaar naar Cyprus.<strong>&#8220;: <\/strong>Handelingen 13: 1-4, HSV.<br><br>&#8220;De HEERE zei tegen A\u00e4ron: Ga Mozes tegemoet in de woestijn. En hij ging en ontmoette hem bij de berg van God en kuste hem.<br>Mozes vertelde A\u00e4ron al de woorden van de HEERE, Die hem gezonden had, en al de tekenen die Hij hem opgedragen had.<br>Toen ging Mozes <em>op weg<\/em>, met A\u00e4ron, en zij verzamelden alle oudsten van de Isra\u00eblieten.<br>A\u00e4ron sprak al de woorden die de HEERE tot Mozes gesproken had, en deed de tekenen voor de ogen van het volk.<br>Het volk nu geloofde. Toen zij hoorden dat de HEERE naar de Isra\u00eblieten omgezien had en dat Hij hun onderdrukking gezien had, knielden zij en bogen zij zich neer.&#8221;: Exodus 4: 27-31,<strong> <\/strong>HSV.<br><br>&#8220;De HEERE is mijn licht en mijn heil,<br>voor wie zou ik vrezen?<br>De HEERE is mijn levenskracht,<br>voor wie zou ik angst hebben?<br><br>Hoor, HEERE, mijn stem als ik roep;<br>wees mij genadig en antwoord mij.<br>Mijn hart zegt tegen U <em>wat U Zelf zegt<\/em>:<br>Zoek Mijn aangezicht.<br>Ik z\u00f3ek Uw aangezicht, HEERE,<br>verberg Uw aangezicht niet voor mij.<br>Wijs Uw dienaar niet af in toorn,<br>U bent mijn hulp geweest;<br>laat mij niet in de steek en verlaat mij niet,<br>o God van mijn heil.&#8221;: Psalm 27: 1, 7-9, HSV.<\/p>\n\n\n\n<p style=\"font-size:17px\"><br>Bijbehorend filmpje <a href=\"https:\/\/www.youtube.com\/watch?v=UwhEwN3Gflw\" target=\"_blank\" rel=\"noreferrer noopener\">Motto 28: In wittebroodsweken voor anderen op pad<\/a><\/p>\n","protected":false},"excerpt":{"rendered":"<p>Ze zijn samen op weg; getuigen van hun geloof in Hem, doen goed voor anderen gedachtig Zijn woord (gedachte voor Pinksteren) Dit motto is gebaseerd op onder meer de volgende bijbelverzen: &#8220;Je steekt een lamp niet aan om haar onder de korenmaat te zetten, maar je zet haar op de kandelaar, en dan schijnt ze&hellip;&nbsp;<a href=\"https:\/\/christelijkisliefdevol.nl\/index.php\/de-elf-mottos-van-2020\/motto-28\/\" rel=\"bookmark\">Lees verder &raquo;<span class=\"screen-reader-text\">Motto 28<\/span><\/a><\/p>\n","protected":false},"author":1,"featured_media":0,"parent":412,"menu_order":6,"comment_status":"closed","ping_status":"closed","template":"","meta":{"neve_meta_sidebar":"full-width","neve_meta_container":"","neve_meta_enable_content_width":"on","neve_meta_content_width":100,"neve_meta_title_alignment":"","neve_meta_author_avatar":"","neve_post_elements_order":"","neve_meta_disable_header":"","neve_meta_disable_footer":"","neve_meta_disable_title":"","footnotes":""},"class_list":["post-738","page","type-page","status-publish","hentry"],"_links":{"self":[{"href":"https:\/\/christelijkisliefdevol.nl\/index.php\/wp-json\/wp\/v2\/pages\/738","targetHints":{"allow":["GET"]}}],"collection":[{"href":"https:\/\/christelijkisliefdevol.nl\/index.php\/wp-json\/wp\/v2\/pages"}],"about":[{"href":"https:\/\/christelijkisliefdevol.nl\/index.php\/wp-json\/wp\/v2\/types\/page"}],"author":[{"embeddable":true,"href":"https:\/\/christelijkisliefdevol.nl\/index.php\/wp-json\/wp\/v2\/users\/1"}],"replies":[{"embeddable":true,"href":"https:\/\/christelijkisliefdevol.nl\/index.php\/wp-json\/wp\/v2\/comments?post=738"}],"version-history":[{"count":18,"href":"https:\/\/christelijkisliefdevol.nl\/index.php\/wp-json\/wp\/v2\/pages\/738\/revisions"}],"predecessor-version":[{"id":2559,"href":"https:\/\/christelijkisliefdevol.nl\/index.php\/wp-json\/wp\/v2\/pages\/738\/revisions\/2559"}],"up":[{"embeddable":true,"href":"https:\/\/christelijkisliefdevol.nl\/index.php\/wp-json\/wp\/v2\/pages\/412"}],"wp:attachment":[{"href":"https:\/\/christelijkisliefdevol.nl\/index.php\/wp-json\/wp\/v2\/media?parent=738"}],"curies":[{"name":"wp","href":"https:\/\/api.w.org\/{rel}","templated":true}]}}